{"id":1743,"date":"2022-10-24T18:25:09","date_gmt":"2022-10-24T18:25:09","guid":{"rendered":"https:\/\/fai-therapeutics.com\/staging\/perguntas-mais-frequentes\/"},"modified":"2025-10-21T16:18:46","modified_gmt":"2025-10-21T16:18:46","slug":"perguntas-mais-frequentes","status":"publish","type":"page","link":"https:\/\/fai-therapeutics.com\/pt-pt\/perguntas-mais-frequentes\/","title":{"rendered":"Perguntas mais Frequentes"},"content":{"rendered":"\n<div class=\"wp-block-cover alignfull title-block animated fadeIn faster has-ast-global-color-5-color has-text-color has-link-color wp-elements-977c321fab3b8224ea1bb199696b1f65\"><span aria-hidden=\"true\" class=\"wp-block-cover__background has-black-background-color has-background-dim\"><\/span><img loading=\"lazy\" decoding=\"async\" width=\"2560\" height=\"1707\" src=\"https:\/\/fai-therapeutics.com\/wp-content\/uploads\/2022\/10\/shutterstock_1873525696-scaled.jpg\" class=\"wp-block-cover__image-background wp-post-image\" alt=\"\" data-object-fit=\"cover\" data-object-position=\"58% 29%\" style=\"object-position:58% 29%;\" srcset=\"https:\/\/fai-therapeutics.com\/wp-content\/uploads\/2022\/10\/shutterstock_1873525696-scaled.jpg 2560w, https:\/\/fai-therapeutics.com\/wp-content\/uploads\/2022\/10\/shutterstock_1873525696-300x200.jpg 300w, https:\/\/fai-therapeutics.com\/wp-content\/uploads\/2022\/10\/shutterstock_1873525696-1024x683.jpg 1024w, https:\/\/fai-therapeutics.com\/wp-content\/uploads\/2022\/10\/shutterstock_1873525696-768x512.jpg 768w, https:\/\/fai-therapeutics.com\/wp-content\/uploads\/2022\/10\/shutterstock_1873525696-1536x1024.jpg 1536w, https:\/\/fai-therapeutics.com\/wp-content\/uploads\/2022\/10\/shutterstock_1873525696-2048x1365.jpg 2048w\" sizes=\"auto, (max-width: 2560px) 100vw, 2560px\" \/><div class=\"wp-block-cover__inner-container is-layout-flow wp-block-cover-is-layout-flow\">\n<h1 class=\"wp-block-heading has-text-align-center ticss-94759d4c animated fadeInDown has-ast-global-color-5-color has-text-color has-link-color has-x-large-font-size wp-elements-37de6fcaca3bfb379f708aca89d2f181\" style=\"margin-bottom:0px;text-transform:uppercase\">Perguntas mais Frequentes<\/h1>\n<\/div><\/div>\n\n\n\n<div class=\"wp-block-columns alignwide is-layout-flex wp-container-core-columns-is-layout-28f84493 wp-block-columns-is-layout-flex\">\n<div class=\"wp-block-column is-layout-flow wp-block-column-is-layout-flow\" style=\"flex-basis:33.33%\">\n\n<!-- block wrapper -->\n<div class=\"toc-block has-text-align-left\" style=\"\">\n        <ul>\n        <li><a href='#what-is-medical.cannabis'>O que \u00e9 a can\u00e1bis medicinal?<\/a><\/li><li><a href='#what-are-cannabinoids'>O que s\u00e3o canabin\u00f3ides?<\/a><\/li><li><a href='#what-is-thc'>O que \u00e9 o THC?<\/a><\/li><li><a href='#what-is-cbd'>O que \u00e9 o CBD?<\/a><\/li><li><a href='#what-is-used-for'>Para que \u00e9 usada a can\u00e1bis medicinal?<\/a><\/li><li><a href='#how-to-take'>Como devo tomar a can\u00e1bis medicinal?<\/a><\/li><li><a href='#products-available'>Que produtos s\u00e3o disponibilizados pela FAI Therapeutics\u00ae?<\/a><\/li><li><a href='#products-produced'>Como s\u00e3o produzidos os produtos da FAI Therapeutics\u00ae?<\/a><\/li><li><a href='#other-questions'>Outras Quest\u00f5es<\/a><\/li>    <\/ul>\n    \n<!-- end block wrapper -->\n<\/div><\/div>\n\n\n\n<div class=\"wp-block-column is-layout-flow wp-block-column-is-layout-flow\" style=\"flex-basis:66.66%\">\n<h2 class=\"wp-block-heading\" id=\"what-is-medical.cannabis\">O que \u00e9 a can\u00e1bis medicinal?<\/h2>\n\n\n\n<p>A can\u00e1bis medicinal \u00e9 um termo amplo escolhido para identificar produtos m\u00e9dicos baseados na planta da can\u00e1bis. Os seres humanos cultivam estas plantas h\u00e1 milhares de anos, devido \u00e0s suas propriedades nutricionais e \u00e0s suas aplica\u00e7\u00f5es recreativas e medicinais. Embora o uso recreativo da can\u00e1bis seja proibido na maioria dos pa\u00edses, a sua utiliza\u00e7\u00e3o para fins medicinais \u00e9 permitida em cerca de 50 pa\u00edses e na maioria dos estados dos EUA. Uma vez que tem de satisfazer os par\u00e2metros de seguran\u00e7a e de qualidade, a can\u00e1bis medicinal \u00e9 adequada para utiliza\u00e7\u00e3o na sa\u00fade humana.<\/p>\n\n\n\n<h2 class=\"wp-block-heading\" id=\"what-are-cannabinoids\">O que s\u00e3o canabin\u00f3ides?<\/h2>\n\n\n\n<p>Mais de 500 compostos qu\u00edmicos conhecidos est\u00e3o presentes na can\u00e1bis, dos quais mais de 100 s\u00e3o classificados como fitocanabin\u00f3ides &#8211; estes compostos interagem com o sistema endocanabin\u00f3ide do c\u00e9rebro humano, produzindo diferentes efeitos. As duas esp\u00e9cies mais cultivadas, a <em>Cannabis sativa <\/em> e a <em>Cannabis indica<\/em>, t\u00eam diferentes composi\u00e7\u00f5es em termos de compostos ativos e, por conseguinte, diferentes nos seres humanos.<\/p>\n\n\n\n<p>Os produtos \u00e0 base de can\u00e1bis medicinal s\u00e3o compostos por dois fitocanabin\u00f3ides principais, o THC (tetrahidrocanabinol) e o CBD (canabidiol). Uma vez que os efeitos terap\u00eauticos do CBD e do THC se sobrep\u00f5em em v\u00e1rios pontos, a combina\u00e7\u00e3o e o r\u00e1cio ideais destes compostos t\u00eam de ser avaliados por um m\u00e9dico, de modo a aumentar o efeito terap\u00eautico e diminuir os efeitos secund\u00e1rios.<\/p>\n\n\n\n<p>Al\u00e9m dos canabin\u00f3ides, outros metabolitos secund\u00e1rios, como os terpenos, os alcal\u00f3ides, os flavon\u00f3ides e os fen\u00f3licos, demonstraram ter propriedades terap\u00eauticas, por si s\u00f3, ou em sinergia com os canabin\u00f3ides, interagindo com o sistema endocanabin\u00f3ide no organismo.<\/p>\n\n\n\n<h2 class=\"wp-block-heading\" id=\"what-is-thc\">O que \u00e9 o THC?<\/h2>\n\n\n\n<p>O tetrahidrocanabinol (THC) \u00e9 o fitocanabin\u00f3ide mais abundante, conhecido como o componente psicoativo da <em>Cannabis sativa<\/em> e frequentemente associado ao efeito secund\u00e1rio de \u201ceuforia\u201d. No entanto, tem efeitos analg\u00e9sicos potentes e possui qualidades medicinais muito importantes. Pode ser utilizado no tratamento de patologias como: n\u00e1useas e v\u00f3mitos, dor cr\u00f3nica, espasticidade muscular na Esclerose M\u00faltipla (EM), perda de apetite, ansiedade e depress\u00e3o.<\/p>\n\n\n\n<h2 class=\"wp-block-heading\" id=\"what-is-cbd\">O que \u00e9 o CBD?<\/h2>\n\n\n\n<p>O canabidiol (CBD) \u00e9 o segundo componente mais prevalente da <em>Cannabis sativa. <\/em> Ao longo dos anos, este componente espec\u00edfico tem sido explorado pelos seus in\u00fameros efeitos terap\u00eauticos, como o tratamento da inflama\u00e7\u00e3o, da epilepsia, da ansiedade, da esquizofrenia, da psicose e da artrite. O CBD n\u00e3o tem quaisquer efeitos psicoativos, o que contribui para a sua ampla utiliza\u00e7\u00e3o na medicina e para que seja considerado um avan\u00e7o m\u00e9dico.<sup><\/sup><\/p>\n\n\n\n<h2 class=\"wp-block-heading\" id=\"what-is-used-for\">Para que \u00e9 usada a can\u00e1bis medicinal?<\/h2>\n\n\n\n<p>A can\u00e1bis medicinal foi aprovada e tem sido utilizada para v\u00e1rias indica\u00e7\u00f5es, nas quais as terapias convencionais n\u00e3o s\u00e3o eficazes.<\/p>\n\n\n\n<p>Em Portugal, sob condi\u00e7\u00f5es espec\u00edficas e mediante aprova\u00e7\u00e3o do Infarmed, a can\u00e1bis pode ser utilizada para o tratamento de:<\/p>\n\n\n\n<ul class=\"wp-block-list\">\n<li>Dor cr\u00f3nica (doen\u00e7as oncol\u00f3gicas ou do sistema nervoso)<\/li>\n\n\n\n<li>Estimulador de apetite em cuidados paliativos<\/li>\n\n\n\n<li>Glaucoma resistente a tratamento<\/li>\n\n\n\n<li>Espasticidade associada \u00e0 esclerose m\u00faltipla ou a les\u00f5es da medula espinhal<\/li>\n\n\n\n<li>N\u00e1usea e v\u00f3mitos resultantes da medica\u00e7\u00e3o<\/li>\n\n\n\n<li>S\u00edndrome de Gilles de Tourette<\/li>\n\n\n\n<li>Epilepsia e tratamento das perturba\u00e7\u00f5es convulsivas graves na inf\u00e2ncia<\/li>\n<\/ul>\n\n\n\n<p>Noutros mercados (Alemanha, por exemplo), a can\u00e1bis tamb\u00e9m pode ser utilizada para tratar:<\/p>\n\n\n\n<ul class=\"wp-block-list\">\n<li>Depress\u00e3o<\/li>\n\n\n\n<li>Perturba\u00e7\u00e3o de Hiperatividade e D\u00e9fice de Aten\u00e7\u00e3o (PHDA)<\/li>\n\n\n\n<li>Doen\u00e7a inflamat\u00f3ria intestinal (DII)<\/li>\n\n\n\n<li>S\u00edndrome das pernas inquietas (SPI)<\/li>\n\n\n\n<li>Ins\u00f3nia<\/li>\n\n\n\n<li>Ansiedade<\/li>\n<\/ul>\n\n\n\n<h2 class=\"wp-block-heading\" id=\"how-to-take\">Como devo tomar a can\u00e1bis medicinal?<\/h2>\n\n\n\n<p>Existem diferentes formula\u00e7\u00f5es de can\u00e1bis medicinal dispon\u00edveis no mercado, ou em fase de investiga\u00e7\u00e3o cl\u00ednica. De acordo com o perfil do doente e as necessidades terap\u00eauticas, podem ser prescritas formula\u00e7\u00f5es espec\u00edficas (com v\u00e1rios n\u00edveis de canabin\u00f3ides e outros compostos) com diferentes vias de administra\u00e7\u00e3o.<\/p>\n\n\n\n<p>A via oral (\u00f3leos ou c\u00e1psulas) \u00e9 o modo de administra\u00e7\u00e3o preferido porque \u00e9 seguro e tem uma boa ades\u00e3o dos doentes. Uma vez que a absor\u00e7\u00e3o dos canabin\u00f3ides por esta via \u00e9 mais demorada, os efeitos secund\u00e1rios s\u00e3o reduzidos.<\/p>\n\n\n\n<p>A inala\u00e7\u00e3o ou vaporiza\u00e7\u00e3o da flor seca tamb\u00e9m pode ser considerada, uma vez que \u00e9 r\u00e1pida e eficaz, com elevada biodisponibilidade sist\u00e9mica. Pode ser indicada para doentes que n\u00e3o tomam medicamentos orais (por exemplo, no caso de n\u00e1useas e v\u00f3mitos). No entanto, pode ter efeitos secund\u00e1rios a n\u00edvel respirat\u00f3rio.<\/p>\n\n\n\n<p>Outras formula\u00e7\u00f5es e vias de administra\u00e7\u00e3o j\u00e1 est\u00e3o a ser alvo de avalia\u00e7\u00e3o cl\u00ednica ou pr\u00e9-cl\u00ednica (por exemplo em solu\u00e7\u00f5es transd\u00e9rmicas, subcut\u00e2neas, t\u00f3picas e orais). O seu m\u00e9dico discutir\u00e1 a melhor forma de administra\u00e7\u00e3o de can\u00e1bis medicinal de acordo com os seus sintomas.<\/p>\n\n\n\n<p>O seu m\u00e9dico discutir\u00e1 o seu tratamento e como administrar a can\u00e1bis medicinal para aliviar os seus sintomas.<\/p>\n\n\n\n<h2 class=\"wp-block-heading\" id=\"products-available\">Que produtos s\u00e3o disponibilizados pela FAI Therapeutics<sup>\u00ae<\/sup>?<\/h2>\n\n\n\n<p>A FAI Therapeutics<sup>\u00ae<\/sup> disponibiliza novas solu\u00e7\u00f5es para o mercado da can\u00e1bis medicinal, com uma gama de produtos adaptados a todas as necessidades, juntamente com apoio regulamentar e de marketing, para garantir o \u00eaxito do registo e da comercializa\u00e7\u00e3o. Est\u00e1 dispon\u00edvel uma gama de produtos de can\u00e1bis medicinal com diferentes concentra\u00e7\u00f5es de CBD\/THC, com o objetivo de atingir diferentes p\u00fablicos-alvo e poder ser aplic\u00e1vel a v\u00e1rios problemas de sa\u00fade. O portef\u00f3lio da FAI Therapeutic<sup>\u00ae<\/sup> inclui tamb\u00e9m extratos 100% naturais sem solventes org\u00e2nicos.<\/p>\n\n\n\n<h2 class=\"wp-block-heading\" id=\"products-produced\">Como s\u00e3o produzidos os produtos da FAI Therapeutics<sup>\u00ae<\/sup>?<\/h2>\n\n\n\n<p>A FAI Therapeutics<sup>\u00ae<\/sup> dedica-se exclusivamente ao cultivo, extra\u00e7\u00e3o, produ\u00e7\u00e3o e distribui\u00e7\u00e3o de can\u00e1bis medicinal. Os produtos da FAI Therapeutics<sup>\u00ae<\/sup> s\u00e3o produzidos atrav\u00e9s de um processo rigoroso e integrado que garante a qualidade e a seguran\u00e7a de todos os produtos, com um percurso totalmente interno desde a semente at\u00e9 ao doente. As plantas de can\u00e1bis s\u00e3o cultivadas em condi\u00e7\u00f5es controladas em \u00e1reas designadas nos campos da Agrovete. De seguida, s\u00e3o aplicados processos de extra\u00e7\u00e3o a frio, sem solventes ou outros contaminantes, nem sistemas pressurizados. Durante o processo de produ\u00e7\u00e3o, as Boas Pr\u00e1ticas de Fabrico s\u00e3o seguidas ao pormenor, permitindo a extra\u00e7\u00e3o de \u00f3leo de can\u00e1bis de alta qualidade. O registo \u00e9 efectuado de acordo com as pr\u00e1ticas legais, a documenta\u00e7\u00e3o aplic\u00e1vel e seguindo todos os regulamentos. Por \u00faltimo, a parceria com as farm\u00e1cias e os profissionais de sa\u00fade permite \u00e0 FAI THERAPEUTICS<sup>\u00ae<\/sup> chegar eficazmente \u00e0s partes interessadas e aos seus objetivos.<\/p>\n\n\n\n<h2 class=\"wp-block-heading\" id=\"other-questions\">Outras Quest\u00f5es<\/h2>\n\n\n\n<p>Outras quest\u00f5es ou contactos podem ser feitos por e-mail:<\/p>\n\n\n\n<p><strong>Informa\u00e7\u00e3o cient\u00edfica<\/strong><br>Para pedir informa\u00e7\u00e3o m\u00e9dica, por favor contacte: <a rel=\"noreferrer noopener\" href=\"mailto:scientific@fai-therapeutics.com\" target=\"_blank\">scientific@fai-therapeutics.com<\/a><\/p>\n\n\n\n<p><strong>Parcerias comerciais<\/strong><br>Para pedir informa\u00e7\u00f5es comerciais, por favor contacte: <a rel=\"noreferrer noopener\" href=\"mailto:business@fai-therapeutics.com\" target=\"_blank\">business@fai-therapeutics.com<\/a><\/p>\n<\/div>\n<\/div>\n","protected":false},"excerpt":{"rendered":"<p>O que \u00e9 a can\u00e1bis medicinal? A can\u00e1bis medicinal \u00e9 um termo amplo escolhido para identificar produtos m\u00e9dicos baseados na planta da can\u00e1bis. Os seres humanos cultivam estas plantas h\u00e1 milhares de anos, devido \u00e0s suas propriedades nutricionais e \u00e0s suas aplica\u00e7\u00f5es recreativas e medicinais. Embora o uso recreativo da can\u00e1bis seja proibido na maioria [&hellip;]<\/p>\n","protected":false},"author":1,"featured_media":1621,"parent":0,"menu_order":9,"comment_status":"closed","ping_status":"closed","template":"","meta":{"_acf_changed":false,"site-sidebar-layout":"default","site-content-layout":"default","ast-site-content-layout":"default","site-content-style":"default","site-sidebar-style":"default","ast-global-header-display":"","ast-banner-title-visibility":"","ast-main-header-display":"","ast-hfb-above-header-display":"","ast-hfb-below-header-display":"","ast-hfb-mobile-header-display":"","site-post-title":"disabled","ast-breadcrumbs-content":"","ast-featured-img":"disabled","footer-sml-layout":"","ast-disable-related-posts":"","theme-transparent-header-meta":"","adv-header-id-meta":"","stick-header-meta":"","header-above-stick-meta":"","header-main-stick-meta":"","header-below-stick-meta":"","astra-migrate-meta-layouts":"set","ast-page-background-enabled":"default","ast-page-background-meta":{"desktop":{"background-color":"var(--ast-global-color-4)","background-image":"","background-repeat":"repeat","background-position":"center center","background-size":"auto","background-attachment":"scroll","background-type":"","background-media":"","overlay-type":"","overlay-color":"","overlay-opacity":"","overlay-gradient":""},"tablet":{"background-color":"","background-image":"","background-repeat":"repeat","background-position":"center center","background-size":"auto","background-attachment":"scroll","background-type":"","background-media":"","overlay-type":"","overlay-color":"","overlay-opacity":"","overlay-gradient":""},"mobile":{"background-color":"","background-image":"","background-repeat":"repeat","background-position":"center center","background-size":"auto","background-attachment":"scroll","background-type":"","background-media":"","overlay-type":"","overlay-color":"","overlay-opacity":"","overlay-gradient":""}},"ast-content-background-meta":{"desktop":{"background-color":"var(--ast-global-color-5)","background-image":"","background-repeat":"repeat","background-position":"center center","background-size":"auto","background-attachment":"scroll","background-type":"","background-media":"","overlay-type":"","overlay-color":"","overlay-opacity":"","overlay-gradient":""},"tablet":{"background-color":"var(--ast-global-color-5)","background-image":"","background-repeat":"repeat","background-position":"center center","background-size":"auto","background-attachment":"scroll","background-type":"","background-media":"","overlay-type":"","overlay-color":"","overlay-opacity":"","overlay-gradient":""},"mobile":{"background-color":"var(--ast-global-color-5)","background-image":"","background-repeat":"repeat","background-position":"center center","background-size":"auto","background-attachment":"scroll","background-type":"","background-media":"","overlay-type":"","overlay-color":"","overlay-opacity":"","overlay-gradient":""}},"_themeisle_gutenberg_block_has_review":false,"footnotes":""},"class_list":["post-1743","page","type-page","status-publish","has-post-thumbnail","hentry"],"acf":{"subtitle":""},"yoast_head":"<!-- This site is optimized with the Yoast SEO plugin v27.1.1 - https:\/\/yoast.com\/product\/yoast-seo-wordpress\/ -->\n<title>Perguntas mais Frequentes - FAI Therapeutics\u00ae<\/title>\n<meta name=\"robots\" content=\"index, follow, max-snippet:-1, max-image-preview:large, max-video-preview:-1\" \/>\n<link rel=\"canonical\" href=\"https:\/\/fai-therapeutics.com\/pt-pt\/perguntas-mais-frequentes\/\" \/>\n<meta property=\"og:locale\" content=\"pt_PT\" \/>\n<meta property=\"og:type\" content=\"article\" \/>\n<meta property=\"og:title\" content=\"Perguntas mais Frequentes - FAI Therapeutics\u00ae\" \/>\n<meta property=\"og:description\" content=\"O que \u00e9 a can\u00e1bis medicinal? A can\u00e1bis medicinal \u00e9 um termo amplo escolhido para identificar produtos m\u00e9dicos baseados na planta da can\u00e1bis. Os seres humanos cultivam estas plantas h\u00e1 milhares de anos, devido \u00e0s suas propriedades nutricionais e \u00e0s suas aplica\u00e7\u00f5es recreativas e medicinais. Embora o uso recreativo da can\u00e1bis seja proibido na maioria [&hellip;]\" \/>\n<meta property=\"og:url\" content=\"https:\/\/fai-therapeutics.com\/pt-pt\/perguntas-mais-frequentes\/\" \/>\n<meta property=\"og:site_name\" content=\"FAI Therapeutics\u00ae\" \/>\n<meta property=\"article:modified_time\" content=\"2025-10-21T16:18:46+00:00\" \/>\n<meta property=\"og:image\" content=\"https:\/\/fai-therapeutics.com\/wp-content\/uploads\/2022\/10\/shutterstock_1873525696-scaled.jpg\" \/>\n\t<meta property=\"og:image:width\" content=\"2560\" \/>\n\t<meta property=\"og:image:height\" content=\"1707\" \/>\n\t<meta property=\"og:image:type\" content=\"image\/jpeg\" \/>\n<meta name=\"twitter:card\" content=\"summary_large_image\" \/>\n<meta name=\"twitter:label1\" content=\"Tempo estimado de leitura\" \/>\n\t<meta name=\"twitter:data1\" content=\"5 minutos\" \/>\n<script type=\"application\/ld+json\" class=\"yoast-schema-graph\">{\"@context\":\"https:\/\/schema.org\",\"@graph\":[{\"@type\":\"WebPage\",\"@id\":\"https:\/\/fai-therapeutics.com\/pt-pt\/perguntas-mais-frequentes\/\",\"url\":\"https:\/\/fai-therapeutics.com\/pt-pt\/perguntas-mais-frequentes\/\",\"name\":\"Perguntas mais Frequentes - FAI Therapeutics\u00ae\",\"isPartOf\":{\"@id\":\"https:\/\/fai-therapeutics.com\/pt-pt\/#website\"},\"primaryImageOfPage\":{\"@id\":\"https:\/\/fai-therapeutics.com\/pt-pt\/perguntas-mais-frequentes\/#primaryimage\"},\"image\":{\"@id\":\"https:\/\/fai-therapeutics.com\/pt-pt\/perguntas-mais-frequentes\/#primaryimage\"},\"thumbnailUrl\":\"https:\/\/fai-therapeutics.com\/wp-content\/uploads\/2022\/10\/shutterstock_1873525696-scaled.jpg\",\"datePublished\":\"2022-10-24T18:25:09+00:00\",\"dateModified\":\"2025-10-21T16:18:46+00:00\",\"breadcrumb\":{\"@id\":\"https:\/\/fai-therapeutics.com\/pt-pt\/perguntas-mais-frequentes\/#breadcrumb\"},\"inLanguage\":\"pt-PT\",\"potentialAction\":[{\"@type\":\"ReadAction\",\"target\":[\"https:\/\/fai-therapeutics.com\/pt-pt\/perguntas-mais-frequentes\/\"]}]},{\"@type\":\"ImageObject\",\"inLanguage\":\"pt-PT\",\"@id\":\"https:\/\/fai-therapeutics.com\/pt-pt\/perguntas-mais-frequentes\/#primaryimage\",\"url\":\"https:\/\/fai-therapeutics.com\/wp-content\/uploads\/2022\/10\/shutterstock_1873525696-scaled.jpg\",\"contentUrl\":\"https:\/\/fai-therapeutics.com\/wp-content\/uploads\/2022\/10\/shutterstock_1873525696-scaled.jpg\",\"width\":2560,\"height\":1707},{\"@type\":\"BreadcrumbList\",\"@id\":\"https:\/\/fai-therapeutics.com\/pt-pt\/perguntas-mais-frequentes\/#breadcrumb\",\"itemListElement\":[{\"@type\":\"ListItem\",\"position\":1,\"name\":\"Home\",\"item\":\"https:\/\/fai-therapeutics.com\/pt-pt\/\"},{\"@type\":\"ListItem\",\"position\":2,\"name\":\"Perguntas mais Frequentes\"}]},{\"@type\":\"WebSite\",\"@id\":\"https:\/\/fai-therapeutics.com\/pt-pt\/#website\",\"url\":\"https:\/\/fai-therapeutics.com\/pt-pt\/\",\"name\":\"FAI Therapeutics\u00ae\",\"description\":\"Revolutionizing the Medical Cannabis Field\",\"publisher\":{\"@id\":\"https:\/\/fai-therapeutics.com\/pt-pt\/#organization\"},\"potentialAction\":[{\"@type\":\"SearchAction\",\"target\":{\"@type\":\"EntryPoint\",\"urlTemplate\":\"https:\/\/fai-therapeutics.com\/pt-pt\/?s={search_term_string}\"},\"query-input\":{\"@type\":\"PropertyValueSpecification\",\"valueRequired\":true,\"valueName\":\"search_term_string\"}}],\"inLanguage\":\"pt-PT\"},{\"@type\":\"Organization\",\"@id\":\"https:\/\/fai-therapeutics.com\/pt-pt\/#organization\",\"name\":\"FAI Therapeutics\u00ae\",\"url\":\"https:\/\/fai-therapeutics.com\/pt-pt\/\",\"logo\":{\"@type\":\"ImageObject\",\"inLanguage\":\"pt-PT\",\"@id\":\"https:\/\/fai-therapeutics.com\/pt-pt\/#\/schema\/logo\/image\/\",\"url\":\"https:\/\/fai-therapeutics.com\/wp-content\/uploads\/2022\/10\/logo.png\",\"contentUrl\":\"https:\/\/fai-therapeutics.com\/wp-content\/uploads\/2022\/10\/logo.png\",\"width\":862,\"height\":186,\"caption\":\"FAI Therapeutics\u00ae\"},\"image\":{\"@id\":\"https:\/\/fai-therapeutics.com\/pt-pt\/#\/schema\/logo\/image\/\"}}]}<\/script>\n<!-- \/ Yoast SEO plugin. -->","yoast_head_json":{"title":"Perguntas mais Frequentes - FAI Therapeutics\u00ae","robots":{"index":"index","follow":"follow","max-snippet":"max-snippet:-1","max-image-preview":"max-image-preview:large","max-video-preview":"max-video-preview:-1"},"canonical":"https:\/\/fai-therapeutics.com\/pt-pt\/perguntas-mais-frequentes\/","og_locale":"pt_PT","og_type":"article","og_title":"Perguntas mais Frequentes - FAI Therapeutics\u00ae","og_description":"O que \u00e9 a can\u00e1bis medicinal? A can\u00e1bis medicinal \u00e9 um termo amplo escolhido para identificar produtos m\u00e9dicos baseados na planta da can\u00e1bis. Os seres humanos cultivam estas plantas h\u00e1 milhares de anos, devido \u00e0s suas propriedades nutricionais e \u00e0s suas aplica\u00e7\u00f5es recreativas e medicinais. Embora o uso recreativo da can\u00e1bis seja proibido na maioria [&hellip;]","og_url":"https:\/\/fai-therapeutics.com\/pt-pt\/perguntas-mais-frequentes\/","og_site_name":"FAI Therapeutics\u00ae","article_modified_time":"2025-10-21T16:18:46+00:00","og_image":[{"width":2560,"height":1707,"url":"https:\/\/fai-therapeutics.com\/wp-content\/uploads\/2022\/10\/shutterstock_1873525696-scaled.jpg","type":"image\/jpeg"}],"twitter_card":"summary_large_image","twitter_misc":{"Tempo estimado de leitura":"5 minutos"},"schema":{"@context":"https:\/\/schema.org","@graph":[{"@type":"WebPage","@id":"https:\/\/fai-therapeutics.com\/pt-pt\/perguntas-mais-frequentes\/","url":"https:\/\/fai-therapeutics.com\/pt-pt\/perguntas-mais-frequentes\/","name":"Perguntas mais Frequentes - FAI Therapeutics\u00ae","isPartOf":{"@id":"https:\/\/fai-therapeutics.com\/pt-pt\/#website"},"primaryImageOfPage":{"@id":"https:\/\/fai-therapeutics.com\/pt-pt\/perguntas-mais-frequentes\/#primaryimage"},"image":{"@id":"https:\/\/fai-therapeutics.com\/pt-pt\/perguntas-mais-frequentes\/#primaryimage"},"thumbnailUrl":"https:\/\/fai-therapeutics.com\/wp-content\/uploads\/2022\/10\/shutterstock_1873525696-scaled.jpg","datePublished":"2022-10-24T18:25:09+00:00","dateModified":"2025-10-21T16:18:46+00:00","breadcrumb":{"@id":"https:\/\/fai-therapeutics.com\/pt-pt\/perguntas-mais-frequentes\/#breadcrumb"},"inLanguage":"pt-PT","potentialAction":[{"@type":"ReadAction","target":["https:\/\/fai-therapeutics.com\/pt-pt\/perguntas-mais-frequentes\/"]}]},{"@type":"ImageObject","inLanguage":"pt-PT","@id":"https:\/\/fai-therapeutics.com\/pt-pt\/perguntas-mais-frequentes\/#primaryimage","url":"https:\/\/fai-therapeutics.com\/wp-content\/uploads\/2022\/10\/shutterstock_1873525696-scaled.jpg","contentUrl":"https:\/\/fai-therapeutics.com\/wp-content\/uploads\/2022\/10\/shutterstock_1873525696-scaled.jpg","width":2560,"height":1707},{"@type":"BreadcrumbList","@id":"https:\/\/fai-therapeutics.com\/pt-pt\/perguntas-mais-frequentes\/#breadcrumb","itemListElement":[{"@type":"ListItem","position":1,"name":"Home","item":"https:\/\/fai-therapeutics.com\/pt-pt\/"},{"@type":"ListItem","position":2,"name":"Perguntas mais Frequentes"}]},{"@type":"WebSite","@id":"https:\/\/fai-therapeutics.com\/pt-pt\/#website","url":"https:\/\/fai-therapeutics.com\/pt-pt\/","name":"FAI Therapeutics\u00ae","description":"Revolutionizing the Medical Cannabis Field","publisher":{"@id":"https:\/\/fai-therapeutics.com\/pt-pt\/#organization"},"potentialAction":[{"@type":"SearchAction","target":{"@type":"EntryPoint","urlTemplate":"https:\/\/fai-therapeutics.com\/pt-pt\/?s={search_term_string}"},"query-input":{"@type":"PropertyValueSpecification","valueRequired":true,"valueName":"search_term_string"}}],"inLanguage":"pt-PT"},{"@type":"Organization","@id":"https:\/\/fai-therapeutics.com\/pt-pt\/#organization","name":"FAI Therapeutics\u00ae","url":"https:\/\/fai-therapeutics.com\/pt-pt\/","logo":{"@type":"ImageObject","inLanguage":"pt-PT","@id":"https:\/\/fai-therapeutics.com\/pt-pt\/#\/schema\/logo\/image\/","url":"https:\/\/fai-therapeutics.com\/wp-content\/uploads\/2022\/10\/logo.png","contentUrl":"https:\/\/fai-therapeutics.com\/wp-content\/uploads\/2022\/10\/logo.png","width":862,"height":186,"caption":"FAI Therapeutics\u00ae"},"image":{"@id":"https:\/\/fai-therapeutics.com\/pt-pt\/#\/schema\/logo\/image\/"}}]}},"_links":{"self":[{"href":"https:\/\/fai-therapeutics.com\/pt-pt\/wp-json\/wp\/v2\/pages\/1743","targetHints":{"allow":["GET"]}}],"collection":[{"href":"https:\/\/fai-therapeutics.com\/pt-pt\/wp-json\/wp\/v2\/pages"}],"about":[{"href":"https:\/\/fai-therapeutics.com\/pt-pt\/wp-json\/wp\/v2\/types\/page"}],"author":[{"embeddable":true,"href":"https:\/\/fai-therapeutics.com\/pt-pt\/wp-json\/wp\/v2\/users\/1"}],"replies":[{"embeddable":true,"href":"https:\/\/fai-therapeutics.com\/pt-pt\/wp-json\/wp\/v2\/comments?post=1743"}],"version-history":[{"count":6,"href":"https:\/\/fai-therapeutics.com\/pt-pt\/wp-json\/wp\/v2\/pages\/1743\/revisions"}],"predecessor-version":[{"id":2301,"href":"https:\/\/fai-therapeutics.com\/pt-pt\/wp-json\/wp\/v2\/pages\/1743\/revisions\/2301"}],"wp:featuredmedia":[{"embeddable":true,"href":"https:\/\/fai-therapeutics.com\/pt-pt\/wp-json\/wp\/v2\/media\/1621"}],"wp:attachment":[{"href":"https:\/\/fai-therapeutics.com\/pt-pt\/wp-json\/wp\/v2\/media?parent=1743"}],"curies":[{"name":"wp","href":"https:\/\/api.w.org\/{rel}","templated":true}]}}