{"id":1719,"date":"2022-10-21T18:48:32","date_gmt":"2022-10-21T18:48:32","guid":{"rendered":"https:\/\/fai-therapeutics.com\/staging\/sobre-nos\/certificacoes\/"},"modified":"2024-04-29T09:00:16","modified_gmt":"2024-04-29T09:00:16","slug":"certificacoes","status":"publish","type":"page","link":"https:\/\/fai-therapeutics.com\/pt-pt\/sobre-nos\/certificacoes\/","title":{"rendered":"Certifica\u00e7\u00f5es"},"content":{"rendered":"\n<div class=\"wp-block-cover alignfull is-light title-block animated fadeIn faster has-ast-global-color-5-color has-text-color has-link-color wp-elements-abb0a024a30dd1f9b6d8e3b25a722b05\"><span aria-hidden=\"true\" class=\"wp-block-cover__background has-black-background-color has-background-dim\"><\/span><img loading=\"lazy\" decoding=\"async\" width=\"2560\" height=\"1708\" src=\"https:\/\/fai-therapeutics.com\/wp-content\/uploads\/2022\/10\/shutterstock_328054946-scaled-e1666727182619.jpg\" class=\"wp-block-cover__image-background wp-post-image\" alt=\"\" data-object-fit=\"cover\" data-object-position=\"58% 29%\" style=\"object-position:58% 29%;\" srcset=\"https:\/\/fai-therapeutics.com\/wp-content\/uploads\/2022\/10\/shutterstock_328054946-scaled-e1666727182619.jpg 2560w, https:\/\/fai-therapeutics.com\/wp-content\/uploads\/2022\/10\/shutterstock_328054946-scaled-e1666727182619-300x200.jpg 300w, https:\/\/fai-therapeutics.com\/wp-content\/uploads\/2022\/10\/shutterstock_328054946-scaled-e1666727182619-1024x683.jpg 1024w, https:\/\/fai-therapeutics.com\/wp-content\/uploads\/2022\/10\/shutterstock_328054946-scaled-e1666727182619-768x512.jpg 768w, https:\/\/fai-therapeutics.com\/wp-content\/uploads\/2022\/10\/shutterstock_328054946-scaled-e1666727182619-1536x1025.jpg 1536w, https:\/\/fai-therapeutics.com\/wp-content\/uploads\/2022\/10\/shutterstock_328054946-scaled-e1666727182619-2048x1366.jpg 2048w\" sizes=\"auto, (max-width: 2560px) 100vw, 2560px\" \/><div class=\"wp-block-cover__inner-container is-layout-flow wp-block-cover-is-layout-flow\">\n<h1 class=\"wp-block-heading has-text-align-center ticss-94759d4c animated fadeInDown has-ast-global-color-5-color has-text-color has-link-color has-x-large-font-size wp-elements-37de6fcaca3bfb379f708aca89d2f181\" style=\"margin-bottom:0px;text-transform:uppercase\">Certifica\u00e7\u00f5es<\/h1>\n\n\n\n\n<!-- block wrapper -->\n<div class=\"slider-block animated fadeInDown delay-500ms ticss-cb7f7a10\" style=\"\">\n    \n    <p class=\"has-text-align-center\">\n        Your dynamic title here&#8230;    <\/p>\n\n<!-- end block wrapper -->\n<\/div><\/div><\/div>\n\n<div class=\"wp-block-columns is-layout-flex wp-container-core-columns-is-layout-28f84493 wp-block-columns-is-layout-flex\" id=\"certifications\">\n<div class=\"wp-block-column is-layout-flow wp-block-column-is-layout-flow\" style=\"flex-basis:50%\">\n<div id=\"wp-block-themeisle-blocks-advanced-columns-b59e43aa\" class=\"wp-block-themeisle-blocks-advanced-columns has-1-columns has-desktop-equal-layout has-tablet-equal-layout has-mobile-equal-layout has-vertical-unset\"><div class=\"wp-block-themeisle-blocks-advanced-columns-overlay\"><\/div><div class=\"innerblocks-wrap\">\n<div id=\"wp-block-themeisle-blocks-advanced-column-0e6bb1b9\" class=\"wp-block-themeisle-blocks-advanced-column\">\n<h2 class=\"wp-block-heading has-text-align-center\" style=\"margin-top:20px;margin-right:20px;margin-bottom:20px;margin-left:20px\">Certificados desde a semente ao doente<\/h2>\n\n\n\n<p class=\"has-text-align-center\">O nosso processo obedece aos <strong>mais elevados padr\u00f5es de qualidade e seguran\u00e7a, desde o cultivo<\/strong> (GACP), passando pela <strong>produ\u00e7\u00e3o<\/strong> (GMP) e, finalmente, a <strong>comercializa\u00e7\u00e3o<\/strong> (lnfarmed &#8211; Autoridade Nacional do Medicamento e Produtos de Sa\u00fade). Al\u00e9m disso, as nossas certifica\u00e7\u00f5es SGS garantem que promovemos a <strong>sa\u00fade e a seguran\u00e7a no trabalho<\/strong>, bem como a <strong>prote\u00e7\u00e3o do ambiente,<\/strong> durante todo o percurso do produto.<\/p>\n<\/div>\n<\/div><\/div>\n<\/div>\n\n\n\n<div class=\"wp-block-column is-layout-flow wp-block-column-is-layout-flow\" style=\"flex-basis:50%\">\n<div class=\"wp-block-group row-logos is-content-justification-center is-layout-flex wp-container-core-group-is-layout-b02886af wp-block-group-is-layout-flex\">\n<figure class=\"wp-block-image size-thumbnail\"><img loading=\"lazy\" decoding=\"async\" width=\"150\" height=\"150\" src=\"https:\/\/fai-therapeutics.com\/wp-content\/uploads\/2022\/11\/agpgacp-150x150.png\" alt=\"\" class=\"wp-image-1203\"\/><\/figure>\n\n\n\n<figure class=\"wp-block-image size-thumbnail\"><img loading=\"lazy\" decoding=\"async\" width=\"150\" height=\"150\" src=\"https:\/\/fai-therapeutics.com\/wp-content\/uploads\/2022\/10\/infarmed-vertical-1-150x150.png\" alt=\"\" class=\"wp-image-885\" srcset=\"https:\/\/fai-therapeutics.com\/wp-content\/uploads\/2022\/10\/infarmed-vertical-1-150x150.png 150w, https:\/\/fai-therapeutics.com\/wp-content\/uploads\/2022\/10\/infarmed-vertical-1-300x300.png 300w, https:\/\/fai-therapeutics.com\/wp-content\/uploads\/2022\/10\/infarmed-vertical-1-1024x1024.png 1024w, https:\/\/fai-therapeutics.com\/wp-content\/uploads\/2022\/10\/infarmed-vertical-1-768x768.png 768w, https:\/\/fai-therapeutics.com\/wp-content\/uploads\/2022\/10\/infarmed-vertical-1-1536x1536.png 1536w, https:\/\/fai-therapeutics.com\/wp-content\/uploads\/2022\/10\/infarmed-vertical-1-2048x2048.png 2048w\" sizes=\"auto, (max-width: 150px) 100vw, 150px\" \/><\/figure>\n\n\n\n<figure class=\"wp-block-image size-thumbnail\"><img loading=\"lazy\" decoding=\"async\" width=\"150\" height=\"150\" src=\"https:\/\/fai-therapeutics.com\/wp-content\/uploads\/2022\/11\/SGS_ISO_45001_TCS_HR-150x150.png\" alt=\"\" class=\"wp-image-1207\"\/><\/figure>\n\n\n\n<figure class=\"wp-block-image size-thumbnail\"><img loading=\"lazy\" decoding=\"async\" width=\"150\" height=\"150\" src=\"https:\/\/fai-therapeutics.com\/wp-content\/uploads\/2022\/11\/kisspng-iso-9000-sgs-s-a-international-organization-for-s-5b07b43b78ea63.5681574015272315474953-150x150.png\" alt=\"\" class=\"wp-image-1206\"\/><\/figure>\n<\/div>\n<\/div>\n<\/div>\n\n<div style=\"height:50px\" aria-hidden=\"true\" class=\"wp-block-spacer\"><\/div>\n\n<div class=\"wp-block-cover alignfull prefooter-portfolio\" style=\"min-height:206px;aspect-ratio:unset;\"><span aria-hidden=\"true\" class=\"wp-block-cover__background has-ast-global-color-5-background-color has-background-dim-90 has-background-dim\"><\/span><img loading=\"lazy\" decoding=\"async\" width=\"2560\" height=\"1706\" class=\"wp-block-cover__image-background wp-image-336\" alt=\"\" src=\"https:\/\/fai-therapeutics.com\/wp-content\/uploads\/2022\/10\/shutterstock_2164495101-scaled.jpg\" data-object-fit=\"cover\" srcset=\"https:\/\/fai-therapeutics.com\/wp-content\/uploads\/2022\/10\/shutterstock_2164495101-scaled.jpg 2560w, https:\/\/fai-therapeutics.com\/wp-content\/uploads\/2022\/10\/shutterstock_2164495101-300x200.jpg 300w, https:\/\/fai-therapeutics.com\/wp-content\/uploads\/2022\/10\/shutterstock_2164495101-1024x682.jpg 1024w, https:\/\/fai-therapeutics.com\/wp-content\/uploads\/2022\/10\/shutterstock_2164495101-768x512.jpg 768w, https:\/\/fai-therapeutics.com\/wp-content\/uploads\/2022\/10\/shutterstock_2164495101-1536x1024.jpg 1536w, https:\/\/fai-therapeutics.com\/wp-content\/uploads\/2022\/10\/shutterstock_2164495101-2048x1365.jpg 2048w\" sizes=\"auto, (max-width: 2560px) 100vw, 2560px\" \/><div class=\"wp-block-cover__inner-container is-layout-flow wp-block-cover-is-layout-flow\">\n<div class=\"wp-block-columns is-layout-flex wp-container-core-columns-is-layout-28f84493 wp-block-columns-is-layout-flex\">\n<div class=\"wp-block-column is-layout-flow wp-block-column-is-layout-flow\" style=\"flex-basis:66.66%\">\n<h2 class=\"wp-block-heading has-ast-global-color-1-color has-text-color\">O Nosso Portef\u00f3lio<\/h2>\n\n\n\n<p class=\"has-ast-global-color-1-color has-text-color has-medium-font-size\">Dispomos de uma gama de produtos e extratos \u00e0 base de can\u00e1bis medicinal para satisfazer as suas necessidades cl\u00ednicas.<\/p>\n<\/div>\n\n\n\n<div class=\"wp-block-column is-vertically-aligned-center is-layout-flow wp-block-column-is-layout-flow\" style=\"flex-basis:33.33%\">\n<div class=\"wp-block-buttons is-content-justification-right is-layout-flex wp-container-core-buttons-is-layout-d445cf74 wp-block-buttons-is-layout-flex\">\n<div class=\"wp-block-button\"><a class=\"wp-block-button__link wp-element-button\" href=\"https:\/\/fai-therapeutics.com\/pt-pt\/contactos\/\" style=\"border-radius:6px\">Contacte-nos<br\/>para saber mais<\/a><\/div>\n<\/div>\n<\/div>\n<\/div>\n<\/div><\/div>\n","protected":false},"excerpt":{"rendered":"","protected":false},"author":1,"featured_media":1628,"parent":1689,"menu_order":7,"comment_status":"closed","ping_status":"closed","template":"","meta":{"_acf_changed":false,"site-sidebar-layout":"default","site-content-layout":"","ast-site-content-layout":"default","site-content-style":"default","site-sidebar-style":"default","ast-global-header-display":"","ast-banner-title-visibility":"","ast-main-header-display":"","ast-hfb-above-header-display":"","ast-hfb-below-header-display":"","ast-hfb-mobile-header-display":"","site-post-title":"disabled","ast-breadcrumbs-content":"","ast-featured-img":"disabled","footer-sml-layout":"","ast-disable-related-posts":"","theme-transparent-header-meta":"","adv-header-id-meta":"","stick-header-meta":"","header-above-stick-meta":"","header-main-stick-meta":"","header-below-stick-meta":"","astra-migrate-meta-layouts":"default","ast-page-background-enabled":"default","ast-page-background-meta":{"desktop":{"background-color":"var(--ast-global-color-4)","background-image":"","background-repeat":"repeat","background-position":"center center","background-size":"auto","background-attachment":"scroll","background-type":"","background-media":"","overlay-type":"","overlay-color":"","overlay-opacity":"","overlay-gradient":""},"tablet":{"background-color":"","background-image":"","background-repeat":"repeat","background-position":"center center","background-size":"auto","background-attachment":"scroll","background-type":"","background-media":"","overlay-type":"","overlay-color":"","overlay-opacity":"","overlay-gradient":""},"mobile":{"background-color":"","background-image":"","background-repeat":"repeat","background-position":"center center","background-size":"auto","background-attachment":"scroll","background-type":"","background-media":"","overlay-type":"","overlay-color":"","overlay-opacity":"","overlay-gradient":""}},"ast-content-background-meta":{"desktop":{"background-color":"var(--ast-global-color-5)","background-image":"","background-repeat":"repeat","background-position":"center center","background-size":"auto","background-attachment":"scroll","background-type":"","background-media":"","overlay-type":"","overlay-color":"","overlay-opacity":"","overlay-gradient":""},"tablet":{"background-color":"var(--ast-global-color-5)","background-image":"","background-repeat":"repeat","background-position":"center center","background-size":"auto","background-attachment":"scroll","background-type":"","background-media":"","overlay-type":"","overlay-color":"","overlay-opacity":"","overlay-gradient":""},"mobile":{"background-color":"var(--ast-global-color-5)","background-image":"","background-repeat":"repeat","background-position":"center center","background-size":"auto","background-attachment":"scroll","background-type":"","background-media":"","overlay-type":"","overlay-color":"","overlay-opacity":"","overlay-gradient":""}},"_themeisle_gutenberg_block_has_review":false,"footnotes":""},"class_list":["post-1719","page","type-page","status-publish","has-post-thumbnail","hentry"],"acf":{"subtitle":""},"yoast_head":"<!-- This site is optimized with the Yoast SEO plugin v27.1.1 - https:\/\/yoast.com\/product\/yoast-seo-wordpress\/ -->\n<title>Certifica\u00e7\u00f5es - FAI Therapeutics\u00ae<\/title>\n<meta name=\"robots\" content=\"index, follow, max-snippet:-1, max-image-preview:large, max-video-preview:-1\" \/>\n<link rel=\"canonical\" href=\"https:\/\/fai-therapeutics.com\/pt-pt\/sobre-nos\/certificacoes\/\" \/>\n<meta property=\"og:locale\" content=\"pt_PT\" \/>\n<meta property=\"og:type\" content=\"article\" \/>\n<meta property=\"og:title\" content=\"Certifica\u00e7\u00f5es - FAI Therapeutics\u00ae\" \/>\n<meta property=\"og:url\" content=\"https:\/\/fai-therapeutics.com\/pt-pt\/sobre-nos\/certificacoes\/\" \/>\n<meta property=\"og:site_name\" content=\"FAI Therapeutics\u00ae\" \/>\n<meta property=\"article:modified_time\" content=\"2024-04-29T09:00:16+00:00\" \/>\n<meta property=\"og:image\" content=\"https:\/\/fai-therapeutics.com\/wp-content\/uploads\/2022\/10\/shutterstock_328054946-scaled-e1666727182619.jpg\" \/>\n\t<meta property=\"og:image:width\" content=\"2560\" \/>\n\t<meta property=\"og:image:height\" content=\"1708\" \/>\n\t<meta property=\"og:image:type\" content=\"image\/jpeg\" \/>\n<meta name=\"twitter:card\" content=\"summary_large_image\" \/>\n<meta name=\"twitter:label1\" content=\"Tempo estimado de leitura\" \/>\n\t<meta name=\"twitter:data1\" content=\"1 minuto\" \/>\n<script type=\"application\/ld+json\" class=\"yoast-schema-graph\">{\"@context\":\"https:\/\/schema.org\",\"@graph\":[{\"@type\":\"WebPage\",\"@id\":\"https:\/\/fai-therapeutics.com\/pt-pt\/sobre-nos\/certificacoes\/\",\"url\":\"https:\/\/fai-therapeutics.com\/pt-pt\/sobre-nos\/certificacoes\/\",\"name\":\"Certifica\u00e7\u00f5es - FAI Therapeutics\u00ae\",\"isPartOf\":{\"@id\":\"https:\/\/fai-therapeutics.com\/pt-pt\/#website\"},\"primaryImageOfPage\":{\"@id\":\"https:\/\/fai-therapeutics.com\/pt-pt\/sobre-nos\/certificacoes\/#primaryimage\"},\"image\":{\"@id\":\"https:\/\/fai-therapeutics.com\/pt-pt\/sobre-nos\/certificacoes\/#primaryimage\"},\"thumbnailUrl\":\"https:\/\/fai-therapeutics.com\/wp-content\/uploads\/2022\/10\/shutterstock_328054946-scaled-e1666727182619.jpg\",\"datePublished\":\"2022-10-21T18:48:32+00:00\",\"dateModified\":\"2024-04-29T09:00:16+00:00\",\"breadcrumb\":{\"@id\":\"https:\/\/fai-therapeutics.com\/pt-pt\/sobre-nos\/certificacoes\/#breadcrumb\"},\"inLanguage\":\"pt-PT\",\"potentialAction\":[{\"@type\":\"ReadAction\",\"target\":[\"https:\/\/fai-therapeutics.com\/pt-pt\/sobre-nos\/certificacoes\/\"]}]},{\"@type\":\"ImageObject\",\"inLanguage\":\"pt-PT\",\"@id\":\"https:\/\/fai-therapeutics.com\/pt-pt\/sobre-nos\/certificacoes\/#primaryimage\",\"url\":\"https:\/\/fai-therapeutics.com\/wp-content\/uploads\/2022\/10\/shutterstock_328054946-scaled-e1666727182619.jpg\",\"contentUrl\":\"https:\/\/fai-therapeutics.com\/wp-content\/uploads\/2022\/10\/shutterstock_328054946-scaled-e1666727182619.jpg\",\"width\":2560,\"height\":1708,\"caption\":\"Female scientist in a hemp field checking plants and flowers, alternative herbal medicine concept\"},{\"@type\":\"BreadcrumbList\",\"@id\":\"https:\/\/fai-therapeutics.com\/pt-pt\/sobre-nos\/certificacoes\/#breadcrumb\",\"itemListElement\":[{\"@type\":\"ListItem\",\"position\":1,\"name\":\"Home\",\"item\":\"https:\/\/fai-therapeutics.com\/pt-pt\/\"},{\"@type\":\"ListItem\",\"position\":2,\"name\":\"Sobre N\u00f3s\",\"item\":\"https:\/\/fai-therapeutics.com\/pt-pt\/sobre-nos\/\"},{\"@type\":\"ListItem\",\"position\":3,\"name\":\"Certifica\u00e7\u00f5es\"}]},{\"@type\":\"WebSite\",\"@id\":\"https:\/\/fai-therapeutics.com\/pt-pt\/#website\",\"url\":\"https:\/\/fai-therapeutics.com\/pt-pt\/\",\"name\":\"FAI Therapeutics\u00ae\",\"description\":\"Revolutionizing the Medical Cannabis Field\",\"publisher\":{\"@id\":\"https:\/\/fai-therapeutics.com\/pt-pt\/#organization\"},\"potentialAction\":[{\"@type\":\"SearchAction\",\"target\":{\"@type\":\"EntryPoint\",\"urlTemplate\":\"https:\/\/fai-therapeutics.com\/pt-pt\/?s={search_term_string}\"},\"query-input\":{\"@type\":\"PropertyValueSpecification\",\"valueRequired\":true,\"valueName\":\"search_term_string\"}}],\"inLanguage\":\"pt-PT\"},{\"@type\":\"Organization\",\"@id\":\"https:\/\/fai-therapeutics.com\/pt-pt\/#organization\",\"name\":\"FAI Therapeutics\u00ae\",\"url\":\"https:\/\/fai-therapeutics.com\/pt-pt\/\",\"logo\":{\"@type\":\"ImageObject\",\"inLanguage\":\"pt-PT\",\"@id\":\"https:\/\/fai-therapeutics.com\/pt-pt\/#\/schema\/logo\/image\/\",\"url\":\"https:\/\/fai-therapeutics.com\/wp-content\/uploads\/2022\/10\/logo.png\",\"contentUrl\":\"https:\/\/fai-therapeutics.com\/wp-content\/uploads\/2022\/10\/logo.png\",\"width\":862,\"height\":186,\"caption\":\"FAI Therapeutics\u00ae\"},\"image\":{\"@id\":\"https:\/\/fai-therapeutics.com\/pt-pt\/#\/schema\/logo\/image\/\"}}]}<\/script>\n<!-- \/ Yoast SEO plugin. -->","yoast_head_json":{"title":"Certifica\u00e7\u00f5es - FAI Therapeutics\u00ae","robots":{"index":"index","follow":"follow","max-snippet":"max-snippet:-1","max-image-preview":"max-image-preview:large","max-video-preview":"max-video-preview:-1"},"canonical":"https:\/\/fai-therapeutics.com\/pt-pt\/sobre-nos\/certificacoes\/","og_locale":"pt_PT","og_type":"article","og_title":"Certifica\u00e7\u00f5es - FAI Therapeutics\u00ae","og_url":"https:\/\/fai-therapeutics.com\/pt-pt\/sobre-nos\/certificacoes\/","og_site_name":"FAI Therapeutics\u00ae","article_modified_time":"2024-04-29T09:00:16+00:00","og_image":[{"width":2560,"height":1708,"url":"https:\/\/fai-therapeutics.com\/wp-content\/uploads\/2022\/10\/shutterstock_328054946-scaled-e1666727182619.jpg","type":"image\/jpeg"}],"twitter_card":"summary_large_image","twitter_misc":{"Tempo estimado de leitura":"1 minuto"},"schema":{"@context":"https:\/\/schema.org","@graph":[{"@type":"WebPage","@id":"https:\/\/fai-therapeutics.com\/pt-pt\/sobre-nos\/certificacoes\/","url":"https:\/\/fai-therapeutics.com\/pt-pt\/sobre-nos\/certificacoes\/","name":"Certifica\u00e7\u00f5es - FAI Therapeutics\u00ae","isPartOf":{"@id":"https:\/\/fai-therapeutics.com\/pt-pt\/#website"},"primaryImageOfPage":{"@id":"https:\/\/fai-therapeutics.com\/pt-pt\/sobre-nos\/certificacoes\/#primaryimage"},"image":{"@id":"https:\/\/fai-therapeutics.com\/pt-pt\/sobre-nos\/certificacoes\/#primaryimage"},"thumbnailUrl":"https:\/\/fai-therapeutics.com\/wp-content\/uploads\/2022\/10\/shutterstock_328054946-scaled-e1666727182619.jpg","datePublished":"2022-10-21T18:48:32+00:00","dateModified":"2024-04-29T09:00:16+00:00","breadcrumb":{"@id":"https:\/\/fai-therapeutics.com\/pt-pt\/sobre-nos\/certificacoes\/#breadcrumb"},"inLanguage":"pt-PT","potentialAction":[{"@type":"ReadAction","target":["https:\/\/fai-therapeutics.com\/pt-pt\/sobre-nos\/certificacoes\/"]}]},{"@type":"ImageObject","inLanguage":"pt-PT","@id":"https:\/\/fai-therapeutics.com\/pt-pt\/sobre-nos\/certificacoes\/#primaryimage","url":"https:\/\/fai-therapeutics.com\/wp-content\/uploads\/2022\/10\/shutterstock_328054946-scaled-e1666727182619.jpg","contentUrl":"https:\/\/fai-therapeutics.com\/wp-content\/uploads\/2022\/10\/shutterstock_328054946-scaled-e1666727182619.jpg","width":2560,"height":1708,"caption":"Female scientist in a hemp field checking plants and flowers, alternative herbal medicine concept"},{"@type":"BreadcrumbList","@id":"https:\/\/fai-therapeutics.com\/pt-pt\/sobre-nos\/certificacoes\/#breadcrumb","itemListElement":[{"@type":"ListItem","position":1,"name":"Home","item":"https:\/\/fai-therapeutics.com\/pt-pt\/"},{"@type":"ListItem","position":2,"name":"Sobre N\u00f3s","item":"https:\/\/fai-therapeutics.com\/pt-pt\/sobre-nos\/"},{"@type":"ListItem","position":3,"name":"Certifica\u00e7\u00f5es"}]},{"@type":"WebSite","@id":"https:\/\/fai-therapeutics.com\/pt-pt\/#website","url":"https:\/\/fai-therapeutics.com\/pt-pt\/","name":"FAI Therapeutics\u00ae","description":"Revolutionizing the Medical Cannabis Field","publisher":{"@id":"https:\/\/fai-therapeutics.com\/pt-pt\/#organization"},"potentialAction":[{"@type":"SearchAction","target":{"@type":"EntryPoint","urlTemplate":"https:\/\/fai-therapeutics.com\/pt-pt\/?s={search_term_string}"},"query-input":{"@type":"PropertyValueSpecification","valueRequired":true,"valueName":"search_term_string"}}],"inLanguage":"pt-PT"},{"@type":"Organization","@id":"https:\/\/fai-therapeutics.com\/pt-pt\/#organization","name":"FAI Therapeutics\u00ae","url":"https:\/\/fai-therapeutics.com\/pt-pt\/","logo":{"@type":"ImageObject","inLanguage":"pt-PT","@id":"https:\/\/fai-therapeutics.com\/pt-pt\/#\/schema\/logo\/image\/","url":"https:\/\/fai-therapeutics.com\/wp-content\/uploads\/2022\/10\/logo.png","contentUrl":"https:\/\/fai-therapeutics.com\/wp-content\/uploads\/2022\/10\/logo.png","width":862,"height":186,"caption":"FAI Therapeutics\u00ae"},"image":{"@id":"https:\/\/fai-therapeutics.com\/pt-pt\/#\/schema\/logo\/image\/"}}]}},"_links":{"self":[{"href":"https:\/\/fai-therapeutics.com\/pt-pt\/wp-json\/wp\/v2\/pages\/1719","targetHints":{"allow":["GET"]}}],"collection":[{"href":"https:\/\/fai-therapeutics.com\/pt-pt\/wp-json\/wp\/v2\/pages"}],"about":[{"href":"https:\/\/fai-therapeutics.com\/pt-pt\/wp-json\/wp\/v2\/types\/page"}],"author":[{"embeddable":true,"href":"https:\/\/fai-therapeutics.com\/pt-pt\/wp-json\/wp\/v2\/users\/1"}],"replies":[{"embeddable":true,"href":"https:\/\/fai-therapeutics.com\/pt-pt\/wp-json\/wp\/v2\/comments?post=1719"}],"version-history":[{"count":3,"href":"https:\/\/fai-therapeutics.com\/pt-pt\/wp-json\/wp\/v2\/pages\/1719\/revisions"}],"predecessor-version":[{"id":1849,"href":"https:\/\/fai-therapeutics.com\/pt-pt\/wp-json\/wp\/v2\/pages\/1719\/revisions\/1849"}],"up":[{"embeddable":true,"href":"https:\/\/fai-therapeutics.com\/pt-pt\/wp-json\/wp\/v2\/pages\/1689"}],"wp:featuredmedia":[{"embeddable":true,"href":"https:\/\/fai-therapeutics.com\/pt-pt\/wp-json\/wp\/v2\/media\/1628"}],"wp:attachment":[{"href":"https:\/\/fai-therapeutics.com\/pt-pt\/wp-json\/wp\/v2\/media?parent=1719"}],"curies":[{"name":"wp","href":"https:\/\/api.w.org\/{rel}","templated":true}]}}