{"id":1697,"date":"2024-01-09T09:25:48","date_gmt":"2024-01-09T09:25:48","guid":{"rendered":"https:\/\/fai-therapeutics.com\/staging\/brevemente\/"},"modified":"2024-06-11T16:07:27","modified_gmt":"2024-06-11T16:07:27","slug":"fai-academy","status":"publish","type":"page","link":"https:\/\/fai-therapeutics.com\/pt-pt\/fai-academy\/","title":{"rendered":"FAI Academy"},"content":{"rendered":"\n<div style=\"height:100px\" aria-hidden=\"true\" class=\"wp-block-spacer\"><\/div>\n\n\n\n<div id=\"wp-block-themeisle-blocks-advanced-columns-1557ed07\" class=\"wp-block-themeisle-blocks-advanced-columns has-2-columns has-desktop-equal-layout has-tablet-equal-layout has-mobile-collapsedRows-layout has-vertical-unset\"><div class=\"wp-block-themeisle-blocks-advanced-columns-overlay\"><\/div><div class=\"innerblocks-wrap\">\n<div id=\"wp-block-themeisle-blocks-advanced-column-da21d450\" class=\"wp-block-themeisle-blocks-advanced-column\">\n<figure class=\"wp-block-image alignleft size-full is-resized\"><img loading=\"lazy\" decoding=\"async\" width=\"1032\" height=\"334\" src=\"https:\/\/fai-therapeutics.com\/wp-content\/uploads\/2024\/06\/logo-faiacademy.png\" alt=\"FAI Academy logo\" class=\"wp-image-2154\" style=\"width:450px\" srcset=\"https:\/\/fai-therapeutics.com\/wp-content\/uploads\/2024\/06\/logo-faiacademy.png 1032w, https:\/\/fai-therapeutics.com\/wp-content\/uploads\/2024\/06\/logo-faiacademy-300x97.png 300w, https:\/\/fai-therapeutics.com\/wp-content\/uploads\/2024\/06\/logo-faiacademy-1024x331.png 1024w, https:\/\/fai-therapeutics.com\/wp-content\/uploads\/2024\/06\/logo-faiacademy-768x249.png 768w\" sizes=\"auto, (max-width: 1032px) 100vw, 1032px\" \/><\/figure>\n<\/div>\n\n\n\n<div id=\"wp-block-themeisle-blocks-advanced-column-bcb3db70\" class=\"wp-block-themeisle-blocks-advanced-column\">\n<h2 class=\"wp-block-heading\" style=\"padding-top:var(--wp--preset--spacing--80)\">O uso de can\u00e1bis para fins medicinais tem<br>um passado com milhares de anos de hist\u00f3ria.<\/h2>\n\n\n\n<p>Em Portugal, o uso de can\u00e1bis medicinal foi aprovado pelo Parlamento em 2018. Passados cinco anos ainda persistem d\u00favidas, receios, mitos e estigmas associados ao consumo de can\u00e1bis para fins terap\u00eauticos.<\/p>\n\n\n\n<p>\u00c9 com o intuito de esclarecer, informar e promover a literacia em sa\u00fade nesta \u00e1rea espec\u00edfica, que nasce a FAI Academy, o local de elei\u00e7\u00e3o para atualizar o conhecimento, aceder a evid\u00eancia cient\u00edfica e informa\u00e7\u00e3o atual cred\u00edvel e rigorosa e aprender mais sobre can\u00e1bis medicinal.<\/p>\n\n\n\n<div class=\"wp-block-buttons is-content-justification-center is-layout-flex wp-container-core-buttons-is-layout-a89b3969 wp-block-buttons-is-layout-flex\">\n<div class=\"wp-block-button\"><a class=\"wp-block-button__link wp-element-button\" href=\"https:\/\/fai-therapeutics.com\/academy\/\">Aceder ao FAI Academy<\/a><\/div>\n<\/div>\n<\/div>\n<\/div><\/div>\n\n\n\n<div class=\"wp-block-cover alignfull\"><span aria-hidden=\"true\" class=\"wp-block-cover__background has-background-dim\"><\/span><img loading=\"lazy\" decoding=\"async\" width=\"1024\" height=\"683\" class=\"wp-block-cover__image-background wp-image-1482\" alt=\"\" src=\"https:\/\/fai-therapeutics.com\/wp-content\/uploads\/2024\/01\/PAGINA-4-Our-Mission_-1024x683.jpg\" data-object-fit=\"cover\" srcset=\"https:\/\/fai-therapeutics.com\/wp-content\/uploads\/2024\/01\/PAGINA-4-Our-Mission_-1024x683.jpg 1024w, https:\/\/fai-therapeutics.com\/wp-content\/uploads\/2024\/01\/PAGINA-4-Our-Mission_-300x200.jpg 300w, https:\/\/fai-therapeutics.com\/wp-content\/uploads\/2024\/01\/PAGINA-4-Our-Mission_-768x512.jpg 768w, https:\/\/fai-therapeutics.com\/wp-content\/uploads\/2024\/01\/PAGINA-4-Our-Mission_-1536x1024.jpg 1536w, https:\/\/fai-therapeutics.com\/wp-content\/uploads\/2024\/01\/PAGINA-4-Our-Mission_-2048x1365.jpg 2048w\" sizes=\"auto, (max-width: 1024px) 100vw, 1024px\" \/><div class=\"wp-block-cover__inner-container is-layout-flow wp-block-cover-is-layout-flow\">\n<p class=\"has-text-align-center has-large-font-size\"><\/p>\n<\/div><\/div>\n","protected":false},"excerpt":{"rendered":"","protected":false},"author":7,"featured_media":1625,"parent":0,"menu_order":13,"comment_status":"closed","ping_status":"closed","template":"","meta":{"_acf_changed":false,"site-sidebar-layout":"default","site-content-layout":"","ast-site-content-layout":"default","site-content-style":"default","site-sidebar-style":"default","ast-global-header-display":"","ast-banner-title-visibility":"","ast-main-header-display":"","ast-hfb-above-header-display":"","ast-hfb-below-header-display":"","ast-hfb-mobile-header-display":"","site-post-title":"disabled","ast-breadcrumbs-content":"","ast-featured-img":"disabled","footer-sml-layout":"","ast-disable-related-posts":"","theme-transparent-header-meta":"","adv-header-id-meta":"","stick-header-meta":"","header-above-stick-meta":"","header-main-stick-meta":"","header-below-stick-meta":"","astra-migrate-meta-layouts":"set","ast-page-background-enabled":"default","ast-page-background-meta":{"desktop":{"background-color":"var(--ast-global-color-4)","background-image":"","background-repeat":"repeat","background-position":"center center","background-size":"auto","background-attachment":"scroll","background-type":"","background-media":"","overlay-type":"","overlay-color":"","overlay-opacity":"","overlay-gradient":""},"tablet":{"background-color":"","background-image":"","background-repeat":"repeat","background-position":"center center","background-size":"auto","background-attachment":"scroll","background-type":"","background-media":"","overlay-type":"","overlay-color":"","overlay-opacity":"","overlay-gradient":""},"mobile":{"background-color":"","background-image":"","background-repeat":"repeat","background-position":"center center","background-size":"auto","background-attachment":"scroll","background-type":"","background-media":"","overlay-type":"","overlay-color":"","overlay-opacity":"","overlay-gradient":""}},"ast-content-background-meta":{"desktop":{"background-color":"var(--ast-global-color-5)","background-image":"","background-repeat":"repeat","background-position":"center center","background-size":"auto","background-attachment":"scroll","background-type":"","background-media":"","overlay-type":"","overlay-color":"","overlay-opacity":"","overlay-gradient":""},"tablet":{"background-color":"var(--ast-global-color-5)","background-image":"","background-repeat":"repeat","background-position":"center center","background-size":"auto","background-attachment":"scroll","background-type":"","background-media":"","overlay-type":"","overlay-color":"","overlay-opacity":"","overlay-gradient":""},"mobile":{"background-color":"var(--ast-global-color-5)","background-image":"","background-repeat":"repeat","background-position":"center center","background-size":"auto","background-attachment":"scroll","background-type":"","background-media":"","overlay-type":"","overlay-color":"","overlay-opacity":"","overlay-gradient":""}},"_themeisle_gutenberg_block_has_review":false,"footnotes":""},"class_list":["post-1697","page","type-page","status-publish","has-post-thumbnail","hentry"],"acf":{"subtitle":""},"yoast_head":"<!-- This site is optimized with the Yoast SEO plugin v27.1.1 - https:\/\/yoast.com\/product\/yoast-seo-wordpress\/ -->\n<title>FAI Academy - FAI Therapeutics\u00ae<\/title>\n<meta name=\"robots\" content=\"index, follow, max-snippet:-1, max-image-preview:large, max-video-preview:-1\" \/>\n<link rel=\"canonical\" href=\"https:\/\/fai-therapeutics.com\/pt-pt\/fai-academy\/\" \/>\n<meta property=\"og:locale\" content=\"pt_PT\" \/>\n<meta property=\"og:type\" content=\"article\" \/>\n<meta property=\"og:title\" content=\"FAI Academy - FAI Therapeutics\u00ae\" \/>\n<meta property=\"og:url\" content=\"https:\/\/fai-therapeutics.com\/pt-pt\/fai-academy\/\" \/>\n<meta property=\"og:site_name\" content=\"FAI Therapeutics\u00ae\" \/>\n<meta property=\"article:modified_time\" content=\"2024-06-11T16:07:27+00:00\" \/>\n<meta property=\"og:image\" content=\"https:\/\/fai-therapeutics.com\/wp-content\/uploads\/2022\/10\/shutterstock_2192070515-Custom-scaled.jpg\" \/>\n\t<meta property=\"og:image:width\" content=\"2560\" \/>\n\t<meta property=\"og:image:height\" content=\"1706\" \/>\n\t<meta property=\"og:image:type\" content=\"image\/jpeg\" \/>\n<meta name=\"twitter:card\" content=\"summary_large_image\" \/>\n<meta name=\"twitter:label1\" content=\"Tempo estimado de leitura\" \/>\n\t<meta name=\"twitter:data1\" content=\"2 minutos\" \/>\n<script type=\"application\/ld+json\" class=\"yoast-schema-graph\">{\"@context\":\"https:\/\/schema.org\",\"@graph\":[{\"@type\":\"WebPage\",\"@id\":\"https:\/\/fai-therapeutics.com\/pt-pt\/fai-academy\/\",\"url\":\"https:\/\/fai-therapeutics.com\/pt-pt\/fai-academy\/\",\"name\":\"FAI Academy - FAI Therapeutics\u00ae\",\"isPartOf\":{\"@id\":\"https:\/\/fai-therapeutics.com\/pt-pt\/#website\"},\"primaryImageOfPage\":{\"@id\":\"https:\/\/fai-therapeutics.com\/pt-pt\/fai-academy\/#primaryimage\"},\"image\":{\"@id\":\"https:\/\/fai-therapeutics.com\/pt-pt\/fai-academy\/#primaryimage\"},\"thumbnailUrl\":\"https:\/\/fai-therapeutics.com\/wp-content\/uploads\/2022\/10\/shutterstock_2192070515-Custom-scaled.jpg\",\"datePublished\":\"2024-01-09T09:25:48+00:00\",\"dateModified\":\"2024-06-11T16:07:27+00:00\",\"breadcrumb\":{\"@id\":\"https:\/\/fai-therapeutics.com\/pt-pt\/fai-academy\/#breadcrumb\"},\"inLanguage\":\"pt-PT\",\"potentialAction\":[{\"@type\":\"ReadAction\",\"target\":[\"https:\/\/fai-therapeutics.com\/pt-pt\/fai-academy\/\"]}]},{\"@type\":\"ImageObject\",\"inLanguage\":\"pt-PT\",\"@id\":\"https:\/\/fai-therapeutics.com\/pt-pt\/fai-academy\/#primaryimage\",\"url\":\"https:\/\/fai-therapeutics.com\/wp-content\/uploads\/2022\/10\/shutterstock_2192070515-Custom-scaled.jpg\",\"contentUrl\":\"https:\/\/fai-therapeutics.com\/wp-content\/uploads\/2022\/10\/shutterstock_2192070515-Custom-scaled.jpg\",\"width\":2560,\"height\":1706},{\"@type\":\"BreadcrumbList\",\"@id\":\"https:\/\/fai-therapeutics.com\/pt-pt\/fai-academy\/#breadcrumb\",\"itemListElement\":[{\"@type\":\"ListItem\",\"position\":1,\"name\":\"Home\",\"item\":\"https:\/\/fai-therapeutics.com\/pt-pt\/\"},{\"@type\":\"ListItem\",\"position\":2,\"name\":\"FAI Academy\"}]},{\"@type\":\"WebSite\",\"@id\":\"https:\/\/fai-therapeutics.com\/pt-pt\/#website\",\"url\":\"https:\/\/fai-therapeutics.com\/pt-pt\/\",\"name\":\"FAI Therapeutics\u00ae\",\"description\":\"Revolutionizing the Medical Cannabis Field\",\"publisher\":{\"@id\":\"https:\/\/fai-therapeutics.com\/pt-pt\/#organization\"},\"potentialAction\":[{\"@type\":\"SearchAction\",\"target\":{\"@type\":\"EntryPoint\",\"urlTemplate\":\"https:\/\/fai-therapeutics.com\/pt-pt\/?s={search_term_string}\"},\"query-input\":{\"@type\":\"PropertyValueSpecification\",\"valueRequired\":true,\"valueName\":\"search_term_string\"}}],\"inLanguage\":\"pt-PT\"},{\"@type\":\"Organization\",\"@id\":\"https:\/\/fai-therapeutics.com\/pt-pt\/#organization\",\"name\":\"FAI Therapeutics\u00ae\",\"url\":\"https:\/\/fai-therapeutics.com\/pt-pt\/\",\"logo\":{\"@type\":\"ImageObject\",\"inLanguage\":\"pt-PT\",\"@id\":\"https:\/\/fai-therapeutics.com\/pt-pt\/#\/schema\/logo\/image\/\",\"url\":\"https:\/\/fai-therapeutics.com\/wp-content\/uploads\/2022\/10\/logo.png\",\"contentUrl\":\"https:\/\/fai-therapeutics.com\/wp-content\/uploads\/2022\/10\/logo.png\",\"width\":862,\"height\":186,\"caption\":\"FAI Therapeutics\u00ae\"},\"image\":{\"@id\":\"https:\/\/fai-therapeutics.com\/pt-pt\/#\/schema\/logo\/image\/\"}}]}<\/script>\n<!-- \/ Yoast SEO plugin. -->","yoast_head_json":{"title":"FAI Academy - FAI Therapeutics\u00ae","robots":{"index":"index","follow":"follow","max-snippet":"max-snippet:-1","max-image-preview":"max-image-preview:large","max-video-preview":"max-video-preview:-1"},"canonical":"https:\/\/fai-therapeutics.com\/pt-pt\/fai-academy\/","og_locale":"pt_PT","og_type":"article","og_title":"FAI Academy - FAI Therapeutics\u00ae","og_url":"https:\/\/fai-therapeutics.com\/pt-pt\/fai-academy\/","og_site_name":"FAI Therapeutics\u00ae","article_modified_time":"2024-06-11T16:07:27+00:00","og_image":[{"width":2560,"height":1706,"url":"https:\/\/fai-therapeutics.com\/wp-content\/uploads\/2022\/10\/shutterstock_2192070515-Custom-scaled.jpg","type":"image\/jpeg"}],"twitter_card":"summary_large_image","twitter_misc":{"Tempo estimado de leitura":"2 minutos"},"schema":{"@context":"https:\/\/schema.org","@graph":[{"@type":"WebPage","@id":"https:\/\/fai-therapeutics.com\/pt-pt\/fai-academy\/","url":"https:\/\/fai-therapeutics.com\/pt-pt\/fai-academy\/","name":"FAI Academy - FAI Therapeutics\u00ae","isPartOf":{"@id":"https:\/\/fai-therapeutics.com\/pt-pt\/#website"},"primaryImageOfPage":{"@id":"https:\/\/fai-therapeutics.com\/pt-pt\/fai-academy\/#primaryimage"},"image":{"@id":"https:\/\/fai-therapeutics.com\/pt-pt\/fai-academy\/#primaryimage"},"thumbnailUrl":"https:\/\/fai-therapeutics.com\/wp-content\/uploads\/2022\/10\/shutterstock_2192070515-Custom-scaled.jpg","datePublished":"2024-01-09T09:25:48+00:00","dateModified":"2024-06-11T16:07:27+00:00","breadcrumb":{"@id":"https:\/\/fai-therapeutics.com\/pt-pt\/fai-academy\/#breadcrumb"},"inLanguage":"pt-PT","potentialAction":[{"@type":"ReadAction","target":["https:\/\/fai-therapeutics.com\/pt-pt\/fai-academy\/"]}]},{"@type":"ImageObject","inLanguage":"pt-PT","@id":"https:\/\/fai-therapeutics.com\/pt-pt\/fai-academy\/#primaryimage","url":"https:\/\/fai-therapeutics.com\/wp-content\/uploads\/2022\/10\/shutterstock_2192070515-Custom-scaled.jpg","contentUrl":"https:\/\/fai-therapeutics.com\/wp-content\/uploads\/2022\/10\/shutterstock_2192070515-Custom-scaled.jpg","width":2560,"height":1706},{"@type":"BreadcrumbList","@id":"https:\/\/fai-therapeutics.com\/pt-pt\/fai-academy\/#breadcrumb","itemListElement":[{"@type":"ListItem","position":1,"name":"Home","item":"https:\/\/fai-therapeutics.com\/pt-pt\/"},{"@type":"ListItem","position":2,"name":"FAI Academy"}]},{"@type":"WebSite","@id":"https:\/\/fai-therapeutics.com\/pt-pt\/#website","url":"https:\/\/fai-therapeutics.com\/pt-pt\/","name":"FAI Therapeutics\u00ae","description":"Revolutionizing the Medical Cannabis Field","publisher":{"@id":"https:\/\/fai-therapeutics.com\/pt-pt\/#organization"},"potentialAction":[{"@type":"SearchAction","target":{"@type":"EntryPoint","urlTemplate":"https:\/\/fai-therapeutics.com\/pt-pt\/?s={search_term_string}"},"query-input":{"@type":"PropertyValueSpecification","valueRequired":true,"valueName":"search_term_string"}}],"inLanguage":"pt-PT"},{"@type":"Organization","@id":"https:\/\/fai-therapeutics.com\/pt-pt\/#organization","name":"FAI Therapeutics\u00ae","url":"https:\/\/fai-therapeutics.com\/pt-pt\/","logo":{"@type":"ImageObject","inLanguage":"pt-PT","@id":"https:\/\/fai-therapeutics.com\/pt-pt\/#\/schema\/logo\/image\/","url":"https:\/\/fai-therapeutics.com\/wp-content\/uploads\/2022\/10\/logo.png","contentUrl":"https:\/\/fai-therapeutics.com\/wp-content\/uploads\/2022\/10\/logo.png","width":862,"height":186,"caption":"FAI Therapeutics\u00ae"},"image":{"@id":"https:\/\/fai-therapeutics.com\/pt-pt\/#\/schema\/logo\/image\/"}}]}},"_links":{"self":[{"href":"https:\/\/fai-therapeutics.com\/pt-pt\/wp-json\/wp\/v2\/pages\/1697","targetHints":{"allow":["GET"]}}],"collection":[{"href":"https:\/\/fai-therapeutics.com\/pt-pt\/wp-json\/wp\/v2\/pages"}],"about":[{"href":"https:\/\/fai-therapeutics.com\/pt-pt\/wp-json\/wp\/v2\/types\/page"}],"author":[{"embeddable":true,"href":"https:\/\/fai-therapeutics.com\/pt-pt\/wp-json\/wp\/v2\/users\/7"}],"replies":[{"embeddable":true,"href":"https:\/\/fai-therapeutics.com\/pt-pt\/wp-json\/wp\/v2\/comments?post=1697"}],"version-history":[{"count":10,"href":"https:\/\/fai-therapeutics.com\/pt-pt\/wp-json\/wp\/v2\/pages\/1697\/revisions"}],"predecessor-version":[{"id":2156,"href":"https:\/\/fai-therapeutics.com\/pt-pt\/wp-json\/wp\/v2\/pages\/1697\/revisions\/2156"}],"wp:featuredmedia":[{"embeddable":true,"href":"https:\/\/fai-therapeutics.com\/pt-pt\/wp-json\/wp\/v2\/media\/1625"}],"wp:attachment":[{"href":"https:\/\/fai-therapeutics.com\/pt-pt\/wp-json\/wp\/v2\/media?parent=1697"}],"curies":[{"name":"wp","href":"https:\/\/api.w.org\/{rel}","templated":true}]}}