{"id":1695,"date":"2022-10-24T15:19:25","date_gmt":"2022-10-24T15:19:25","guid":{"rendered":"https:\/\/fai-therapeutics.com\/staging\/contactos\/"},"modified":"2025-10-23T16:58:47","modified_gmt":"2025-10-23T16:58:47","slug":"contactos","status":"publish","type":"page","link":"https:\/\/fai-therapeutics.com\/pt-pt\/contactos\/","title":{"rendered":"Contactos"},"content":{"rendered":"\n<div class=\"wp-block-cover alignfull is-light title-block animated fadeIn faster has-ast-global-color-5-color has-text-color has-link-color wp-elements-abb0a024a30dd1f9b6d8e3b25a722b05\"><span aria-hidden=\"true\" class=\"wp-block-cover__background has-black-background-color has-background-dim\"><\/span><img loading=\"lazy\" decoding=\"async\" width=\"2560\" height=\"1706\" src=\"https:\/\/fai-therapeutics.com\/wp-content\/uploads\/2022\/10\/shutterstock_2192070515-Custom-scaled.jpg\" class=\"wp-block-cover__image-background wp-post-image\" alt=\"\" data-object-fit=\"cover\" data-object-position=\"58% 29%\" style=\"object-position:58% 29%;\" srcset=\"https:\/\/fai-therapeutics.com\/wp-content\/uploads\/2022\/10\/shutterstock_2192070515-Custom-scaled.jpg 2560w, https:\/\/fai-therapeutics.com\/wp-content\/uploads\/2022\/10\/shutterstock_2192070515-Custom-300x200.jpg 300w, https:\/\/fai-therapeutics.com\/wp-content\/uploads\/2022\/10\/shutterstock_2192070515-Custom-1024x683.jpg 1024w, https:\/\/fai-therapeutics.com\/wp-content\/uploads\/2022\/10\/shutterstock_2192070515-Custom-768x512.jpg 768w, https:\/\/fai-therapeutics.com\/wp-content\/uploads\/2022\/10\/shutterstock_2192070515-Custom-1536x1024.jpg 1536w, https:\/\/fai-therapeutics.com\/wp-content\/uploads\/2022\/10\/shutterstock_2192070515-Custom-2048x1365.jpg 2048w\" sizes=\"auto, (max-width: 2560px) 100vw, 2560px\" \/><div class=\"wp-block-cover__inner-container is-layout-flow wp-block-cover-is-layout-flow\">\n<h1 class=\"wp-block-heading has-text-align-center ticss-94759d4c animated fadeInDown has-ast-global-color-5-color has-text-color has-link-color has-x-large-font-size wp-elements-37de6fcaca3bfb379f708aca89d2f181\" style=\"margin-bottom:0px;text-transform:uppercase\">Contactos<\/h1>\n\n\n\n\n<!-- block wrapper -->\n<div class=\"slider-block animated fadeInDown delay-500ms ticss-cb7f7a10\" style=\"\">\n    \n    <p class=\"has-text-align-center\">\n        Your dynamic title here&#8230;    <\/p>\n\n<!-- end block wrapper -->\n<\/div><\/div><\/div>\n\n\n\n<div id=\"wp-block-themeisle-blocks-advanced-columns-3f1084af\" class=\"wp-block-themeisle-blocks-advanced-columns has-2-columns has-desktop-oneTwo-layout has-tablet-equal-layout has-mobile-collapsedRows-layout has-vertical-unset\"><div class=\"wp-block-themeisle-blocks-advanced-columns-overlay\"><\/div><div class=\"innerblocks-wrap\">\n<div id=\"wp-block-themeisle-blocks-advanced-column-ac910af6\" class=\"wp-block-themeisle-blocks-advanced-column\">\n<h2 class=\"wp-block-heading\">Fale connosco<\/h2>\n\n\n\n<h3 class=\"wp-block-heading\" style=\"margin-bottom:0px\">Informa\u00e7\u00e3o cient\u00edfica<\/h3>\n\n\n\n<p>Para pedir informa\u00e7\u00e3o m\u00e9dica, por favor contacte: <a rel=\"noreferrer noopener\" href=\"mailto:scientific@fai-therapeutics.com\" target=\"_blank\">scientific@fai-therapeutics.com<\/a><\/p>\n\n\n\n<h3 class=\"wp-block-heading\" style=\"margin-bottom:0px\">Parcerias comerciais<\/h3>\n\n\n\n<p>Para pedir informa\u00e7\u00f5es comerciais, por favor contacte: <a rel=\"noreferrer noopener\" href=\"mailto:business@fai-therapeutics.com\" target=\"_blank\">business@fai-therapeutics.com<\/a><\/p>\n\n\n\n<h3 class=\"wp-block-heading\" style=\"margin-bottom:0px\">Outros assuntos<\/h3>\n\n\n\n<p>Para qualquer outro pedido, preencha o formul\u00e1rio e entraremos em contacto consigo.<\/p>\n\n\n\n<p><br>FAI Therapeutics<sup>\u00ae<\/sup><br>Estrada Consiglieri Pedroso, 123<br>2734-501 Barcarena<br>Portugal<br>t: <a href=\"tel:+351214345212\">+351 214 345 212<\/a><\/p>\n<\/div>\n\n\n\n<div id=\"wp-block-themeisle-blocks-advanced-column-d092fd7e\" class=\"wp-block-themeisle-blocks-advanced-column\">\n<div id=\"wp-block-themeisle-blocks-form-0fc14b0a\" class=\"wp-block-themeisle-blocks-form ticss-6034929e\" data-option-name=\"bf9b28ff82ce323187abc5d0feb0d8f07ecd8436_0fc14b0a\"><form class=\"otter-form__container\">\n<div id=\"wp-block-themeisle-blocks-form-input-cc39e1b4\" class=\"wp-block-themeisle-blocks-form-input\"><label for=\"wp-block-themeisle-blocks-form-input-cc39e1b4-input\" class=\"otter-form-input-label\"><span class=\"otter-form-input-label__label\">Nome<\/span><span class=\"required\">*<\/span><\/label><input type=\"text\" id=\"wp-block-themeisle-blocks-form-input-cc39e1b4-input\" required=\"\" class=\"otter-form-input\"><\/div>\n\n\n\n<div id=\"wp-block-themeisle-blocks-form-input-ed473b32\" class=\"wp-block-themeisle-blocks-form-input\"><label for=\"wp-block-themeisle-blocks-form-input-ed473b32-input\" class=\"otter-form-input-label\"><span class=\"otter-form-input-label__label\">Email<\/span><span class=\"required\">*<\/span><\/label><input type=\"email\" id=\"wp-block-themeisle-blocks-form-input-ed473b32-input\" required class=\"otter-form-input\"\/><\/div>\n\n\n\n<div id=\"wp-block-themeisle-blocks-form-input-aaabc880\" class=\"wp-block-themeisle-blocks-form-input\"><label for=\"wp-block-themeisle-blocks-form-input-aaabc880-input\" class=\"otter-form-input-label\"><span class=\"otter-form-input-label__label\">Assunto<\/span><span class=\"required\">*<\/span><\/label><input type=\"text\" id=\"wp-block-themeisle-blocks-form-input-aaabc880-input\" required=\"\" class=\"otter-form-input\"><\/div>\n\n\n\n<div id=\"wp-block-themeisle-blocks-form-textarea-c44d0e36\" class=\"wp-block-themeisle-blocks-form-textarea\"><label for=\"wp-block-themeisle-blocks-form-textarea-c44d0e36-input\" class=\"otter-form-textarea-label\"><span class=\"otter-form-textarea-label__label\">Mensagem<\/span><\/label><textarea id=\"wp-block-themeisle-blocks-form-textarea-c44d0e36-input\" rows=\"10\" class=\"otter-form-textarea-input\"><\/textarea><\/div>\n\n\n\n<p class=\"has-small-font-size\">Ao enviar este formul\u00e1rio, o utilizador aceita receber comunica\u00e7\u00f5es por correio eletr\u00f3nico da nossa parte e compreende que as suas informa\u00e7\u00f5es de contacto ser\u00e3o guardadas.<\/p>\n\n\n<div class=\"protection\" aria-hidden=\"true\"><input type=\"hidden\" id=\"wp-block-themeisle-blocks-form-0fc14b0a_nonce_field\" name=\"wp-block-themeisle-blocks-form-0fc14b0a_nonce_field\" value=\"69f5eaed3f\" \/><input type=\"hidden\" name=\"_wp_http_referer\" value=\"\/pt-pt\/wp-json\/wp\/v2\/pages\/1695\" \/><input class=\"o-anti-bot\" type=\"checkbox\"><\/div><div class=\"wp-block-button right\"><button class=\"wp-block-button__link\" type=\"submit\">Submit<\/button><\/div><\/form><\/div>\n<\/div>\n<\/div><\/div>\n","protected":false},"excerpt":{"rendered":"","protected":false},"author":1,"featured_media":1625,"parent":0,"menu_order":16,"comment_status":"closed","ping_status":"closed","template":"","meta":{"_acf_changed":false,"site-sidebar-layout":"default","site-content-layout":"","ast-site-content-layout":"default","site-content-style":"default","site-sidebar-style":"default","ast-global-header-display":"","ast-banner-title-visibility":"","ast-main-header-display":"","ast-hfb-above-header-display":"","ast-hfb-below-header-display":"","ast-hfb-mobile-header-display":"","site-post-title":"disabled","ast-breadcrumbs-content":"","ast-featured-img":"disabled","footer-sml-layout":"","ast-disable-related-posts":"","theme-transparent-header-meta":"","adv-header-id-meta":"","stick-header-meta":"","header-above-stick-meta":"","header-main-stick-meta":"","header-below-stick-meta":"","astra-migrate-meta-layouts":"set","ast-page-background-enabled":"default","ast-page-background-meta":{"desktop":{"background-color":"var(--ast-global-color-4)","background-image":"","background-repeat":"repeat","background-position":"center center","background-size":"auto","background-attachment":"scroll","background-type":"","background-media":"","overlay-type":"","overlay-color":"","overlay-opacity":"","overlay-gradient":""},"tablet":{"background-color":"","background-image":"","background-repeat":"repeat","background-position":"center center","background-size":"auto","background-attachment":"scroll","background-type":"","background-media":"","overlay-type":"","overlay-color":"","overlay-opacity":"","overlay-gradient":""},"mobile":{"background-color":"","background-image":"","background-repeat":"repeat","background-position":"center center","background-size":"auto","background-attachment":"scroll","background-type":"","background-media":"","overlay-type":"","overlay-color":"","overlay-opacity":"","overlay-gradient":""}},"ast-content-background-meta":{"desktop":{"background-color":"var(--ast-global-color-5)","background-image":"","background-repeat":"repeat","background-position":"center center","background-size":"auto","background-attachment":"scroll","background-type":"","background-media":"","overlay-type":"","overlay-color":"","overlay-opacity":"","overlay-gradient":""},"tablet":{"background-color":"var(--ast-global-color-5)","background-image":"","background-repeat":"repeat","background-position":"center center","background-size":"auto","background-attachment":"scroll","background-type":"","background-media":"","overlay-type":"","overlay-color":"","overlay-opacity":"","overlay-gradient":""},"mobile":{"background-color":"var(--ast-global-color-5)","background-image":"","background-repeat":"repeat","background-position":"center center","background-size":"auto","background-attachment":"scroll","background-type":"","background-media":"","overlay-type":"","overlay-color":"","overlay-opacity":"","overlay-gradient":""}},"_themeisle_gutenberg_block_has_review":false,"footnotes":""},"class_list":["post-1695","page","type-page","status-publish","has-post-thumbnail","hentry"],"acf":{"subtitle":""},"yoast_head":"<!-- This site is optimized with the Yoast SEO plugin v27.1.1 - https:\/\/yoast.com\/product\/yoast-seo-wordpress\/ -->\n<title>Contactos - FAI Therapeutics\u00ae<\/title>\n<meta name=\"robots\" content=\"index, follow, max-snippet:-1, max-image-preview:large, max-video-preview:-1\" \/>\n<link rel=\"canonical\" href=\"https:\/\/fai-therapeutics.com\/pt-pt\/contactos\/\" \/>\n<meta property=\"og:locale\" content=\"pt_PT\" \/>\n<meta property=\"og:type\" content=\"article\" \/>\n<meta property=\"og:title\" content=\"Contactos - FAI Therapeutics\u00ae\" \/>\n<meta property=\"og:url\" content=\"https:\/\/fai-therapeutics.com\/pt-pt\/contactos\/\" \/>\n<meta property=\"og:site_name\" content=\"FAI Therapeutics\u00ae\" \/>\n<meta property=\"article:modified_time\" content=\"2025-10-23T16:58:47+00:00\" \/>\n<meta property=\"og:image\" content=\"https:\/\/fai-therapeutics.com\/wp-content\/uploads\/2022\/10\/shutterstock_2192070515-Custom-scaled.jpg\" \/>\n\t<meta property=\"og:image:width\" content=\"2560\" \/>\n\t<meta property=\"og:image:height\" content=\"1706\" \/>\n\t<meta property=\"og:image:type\" content=\"image\/jpeg\" \/>\n<meta name=\"twitter:card\" content=\"summary_large_image\" \/>\n<meta name=\"twitter:label1\" content=\"Tempo estimado de leitura\" \/>\n\t<meta name=\"twitter:data1\" content=\"1 minuto\" \/>\n<script type=\"application\/ld+json\" class=\"yoast-schema-graph\">{\"@context\":\"https:\/\/schema.org\",\"@graph\":[{\"@type\":\"WebPage\",\"@id\":\"https:\/\/fai-therapeutics.com\/pt-pt\/contactos\/\",\"url\":\"https:\/\/fai-therapeutics.com\/pt-pt\/contactos\/\",\"name\":\"Contactos - FAI Therapeutics\u00ae\",\"isPartOf\":{\"@id\":\"https:\/\/fai-therapeutics.com\/pt-pt\/#website\"},\"primaryImageOfPage\":{\"@id\":\"https:\/\/fai-therapeutics.com\/pt-pt\/contactos\/#primaryimage\"},\"image\":{\"@id\":\"https:\/\/fai-therapeutics.com\/pt-pt\/contactos\/#primaryimage\"},\"thumbnailUrl\":\"https:\/\/fai-therapeutics.com\/wp-content\/uploads\/2022\/10\/shutterstock_2192070515-Custom-scaled.jpg\",\"datePublished\":\"2022-10-24T15:19:25+00:00\",\"dateModified\":\"2025-10-23T16:58:47+00:00\",\"breadcrumb\":{\"@id\":\"https:\/\/fai-therapeutics.com\/pt-pt\/contactos\/#breadcrumb\"},\"inLanguage\":\"pt-PT\",\"potentialAction\":[{\"@type\":\"ReadAction\",\"target\":[\"https:\/\/fai-therapeutics.com\/pt-pt\/contactos\/\"]}]},{\"@type\":\"ImageObject\",\"inLanguage\":\"pt-PT\",\"@id\":\"https:\/\/fai-therapeutics.com\/pt-pt\/contactos\/#primaryimage\",\"url\":\"https:\/\/fai-therapeutics.com\/wp-content\/uploads\/2022\/10\/shutterstock_2192070515-Custom-scaled.jpg\",\"contentUrl\":\"https:\/\/fai-therapeutics.com\/wp-content\/uploads\/2022\/10\/shutterstock_2192070515-Custom-scaled.jpg\",\"width\":2560,\"height\":1706},{\"@type\":\"BreadcrumbList\",\"@id\":\"https:\/\/fai-therapeutics.com\/pt-pt\/contactos\/#breadcrumb\",\"itemListElement\":[{\"@type\":\"ListItem\",\"position\":1,\"name\":\"Home\",\"item\":\"https:\/\/fai-therapeutics.com\/pt-pt\/\"},{\"@type\":\"ListItem\",\"position\":2,\"name\":\"Contactos\"}]},{\"@type\":\"WebSite\",\"@id\":\"https:\/\/fai-therapeutics.com\/pt-pt\/#website\",\"url\":\"https:\/\/fai-therapeutics.com\/pt-pt\/\",\"name\":\"FAI Therapeutics\u00ae\",\"description\":\"Revolutionizing the Medical Cannabis Field\",\"publisher\":{\"@id\":\"https:\/\/fai-therapeutics.com\/pt-pt\/#organization\"},\"potentialAction\":[{\"@type\":\"SearchAction\",\"target\":{\"@type\":\"EntryPoint\",\"urlTemplate\":\"https:\/\/fai-therapeutics.com\/pt-pt\/?s={search_term_string}\"},\"query-input\":{\"@type\":\"PropertyValueSpecification\",\"valueRequired\":true,\"valueName\":\"search_term_string\"}}],\"inLanguage\":\"pt-PT\"},{\"@type\":\"Organization\",\"@id\":\"https:\/\/fai-therapeutics.com\/pt-pt\/#organization\",\"name\":\"FAI Therapeutics\u00ae\",\"url\":\"https:\/\/fai-therapeutics.com\/pt-pt\/\",\"logo\":{\"@type\":\"ImageObject\",\"inLanguage\":\"pt-PT\",\"@id\":\"https:\/\/fai-therapeutics.com\/pt-pt\/#\/schema\/logo\/image\/\",\"url\":\"https:\/\/fai-therapeutics.com\/wp-content\/uploads\/2022\/10\/logo.png\",\"contentUrl\":\"https:\/\/fai-therapeutics.com\/wp-content\/uploads\/2022\/10\/logo.png\",\"width\":862,\"height\":186,\"caption\":\"FAI Therapeutics\u00ae\"},\"image\":{\"@id\":\"https:\/\/fai-therapeutics.com\/pt-pt\/#\/schema\/logo\/image\/\"}}]}<\/script>\n<!-- \/ Yoast SEO plugin. -->","yoast_head_json":{"title":"Contactos - FAI Therapeutics\u00ae","robots":{"index":"index","follow":"follow","max-snippet":"max-snippet:-1","max-image-preview":"max-image-preview:large","max-video-preview":"max-video-preview:-1"},"canonical":"https:\/\/fai-therapeutics.com\/pt-pt\/contactos\/","og_locale":"pt_PT","og_type":"article","og_title":"Contactos - FAI Therapeutics\u00ae","og_url":"https:\/\/fai-therapeutics.com\/pt-pt\/contactos\/","og_site_name":"FAI Therapeutics\u00ae","article_modified_time":"2025-10-23T16:58:47+00:00","og_image":[{"width":2560,"height":1706,"url":"https:\/\/fai-therapeutics.com\/wp-content\/uploads\/2022\/10\/shutterstock_2192070515-Custom-scaled.jpg","type":"image\/jpeg"}],"twitter_card":"summary_large_image","twitter_misc":{"Tempo estimado de leitura":"1 minuto"},"schema":{"@context":"https:\/\/schema.org","@graph":[{"@type":"WebPage","@id":"https:\/\/fai-therapeutics.com\/pt-pt\/contactos\/","url":"https:\/\/fai-therapeutics.com\/pt-pt\/contactos\/","name":"Contactos - FAI Therapeutics\u00ae","isPartOf":{"@id":"https:\/\/fai-therapeutics.com\/pt-pt\/#website"},"primaryImageOfPage":{"@id":"https:\/\/fai-therapeutics.com\/pt-pt\/contactos\/#primaryimage"},"image":{"@id":"https:\/\/fai-therapeutics.com\/pt-pt\/contactos\/#primaryimage"},"thumbnailUrl":"https:\/\/fai-therapeutics.com\/wp-content\/uploads\/2022\/10\/shutterstock_2192070515-Custom-scaled.jpg","datePublished":"2022-10-24T15:19:25+00:00","dateModified":"2025-10-23T16:58:47+00:00","breadcrumb":{"@id":"https:\/\/fai-therapeutics.com\/pt-pt\/contactos\/#breadcrumb"},"inLanguage":"pt-PT","potentialAction":[{"@type":"ReadAction","target":["https:\/\/fai-therapeutics.com\/pt-pt\/contactos\/"]}]},{"@type":"ImageObject","inLanguage":"pt-PT","@id":"https:\/\/fai-therapeutics.com\/pt-pt\/contactos\/#primaryimage","url":"https:\/\/fai-therapeutics.com\/wp-content\/uploads\/2022\/10\/shutterstock_2192070515-Custom-scaled.jpg","contentUrl":"https:\/\/fai-therapeutics.com\/wp-content\/uploads\/2022\/10\/shutterstock_2192070515-Custom-scaled.jpg","width":2560,"height":1706},{"@type":"BreadcrumbList","@id":"https:\/\/fai-therapeutics.com\/pt-pt\/contactos\/#breadcrumb","itemListElement":[{"@type":"ListItem","position":1,"name":"Home","item":"https:\/\/fai-therapeutics.com\/pt-pt\/"},{"@type":"ListItem","position":2,"name":"Contactos"}]},{"@type":"WebSite","@id":"https:\/\/fai-therapeutics.com\/pt-pt\/#website","url":"https:\/\/fai-therapeutics.com\/pt-pt\/","name":"FAI Therapeutics\u00ae","description":"Revolutionizing the Medical Cannabis Field","publisher":{"@id":"https:\/\/fai-therapeutics.com\/pt-pt\/#organization"},"potentialAction":[{"@type":"SearchAction","target":{"@type":"EntryPoint","urlTemplate":"https:\/\/fai-therapeutics.com\/pt-pt\/?s={search_term_string}"},"query-input":{"@type":"PropertyValueSpecification","valueRequired":true,"valueName":"search_term_string"}}],"inLanguage":"pt-PT"},{"@type":"Organization","@id":"https:\/\/fai-therapeutics.com\/pt-pt\/#organization","name":"FAI Therapeutics\u00ae","url":"https:\/\/fai-therapeutics.com\/pt-pt\/","logo":{"@type":"ImageObject","inLanguage":"pt-PT","@id":"https:\/\/fai-therapeutics.com\/pt-pt\/#\/schema\/logo\/image\/","url":"https:\/\/fai-therapeutics.com\/wp-content\/uploads\/2022\/10\/logo.png","contentUrl":"https:\/\/fai-therapeutics.com\/wp-content\/uploads\/2022\/10\/logo.png","width":862,"height":186,"caption":"FAI Therapeutics\u00ae"},"image":{"@id":"https:\/\/fai-therapeutics.com\/pt-pt\/#\/schema\/logo\/image\/"}}]}},"_links":{"self":[{"href":"https:\/\/fai-therapeutics.com\/pt-pt\/wp-json\/wp\/v2\/pages\/1695","targetHints":{"allow":["GET"]}}],"collection":[{"href":"https:\/\/fai-therapeutics.com\/pt-pt\/wp-json\/wp\/v2\/pages"}],"about":[{"href":"https:\/\/fai-therapeutics.com\/pt-pt\/wp-json\/wp\/v2\/types\/page"}],"author":[{"embeddable":true,"href":"https:\/\/fai-therapeutics.com\/pt-pt\/wp-json\/wp\/v2\/users\/1"}],"replies":[{"embeddable":true,"href":"https:\/\/fai-therapeutics.com\/pt-pt\/wp-json\/wp\/v2\/comments?post=1695"}],"version-history":[{"count":5,"href":"https:\/\/fai-therapeutics.com\/pt-pt\/wp-json\/wp\/v2\/pages\/1695\/revisions"}],"predecessor-version":[{"id":2337,"href":"https:\/\/fai-therapeutics.com\/pt-pt\/wp-json\/wp\/v2\/pages\/1695\/revisions\/2337"}],"wp:featuredmedia":[{"embeddable":true,"href":"https:\/\/fai-therapeutics.com\/pt-pt\/wp-json\/wp\/v2\/media\/1625"}],"wp:attachment":[{"href":"https:\/\/fai-therapeutics.com\/pt-pt\/wp-json\/wp\/v2\/media?parent=1695"}],"curies":[{"name":"wp","href":"https:\/\/api.w.org\/{rel}","templated":true}]}}