{"id":1689,"date":"2022-10-20T17:14:50","date_gmt":"2022-10-20T17:14:50","guid":{"rendered":"https:\/\/fai-therapeutics.com\/staging\/sobre-nos\/"},"modified":"2024-05-26T13:50:08","modified_gmt":"2024-05-26T13:50:08","slug":"sobre-nos","status":"publish","type":"page","link":"https:\/\/fai-therapeutics.com\/pt-pt\/sobre-nos\/","title":{"rendered":"Sobre N\u00f3s"},"content":{"rendered":"        <div id=\"blog-page-main\">\n            <ul>\n                                    <li>\n                        <a href=\"https:\/\/fai-therapeutics.com\/pt-pt\/sobre-nos\/trazemos-o-nosso-conhecimento-farmaceutico-a-canabis-medicinal\/\">Trazemos o nosso conhecimento farmac\u00eautico \u00e0 can\u00e1bis medicinal<\/a>\n                    <\/li>\n                                    <li>\n                        <a href=\"https:\/\/fai-therapeutics.com\/pt-pt\/sobre-nos\/a-nossa-producao-2\/\">A Nossa Produ\u00e7\u00e3o<\/a>\n                    <\/li>\n                                    <li>\n                        <a href=\"https:\/\/fai-therapeutics.com\/pt-pt\/sobre-nos\/certificacoes\/\">Certifica\u00e7\u00f5es<\/a>\n                    <\/li>\n                                    <li>\n                        <a href=\"https:\/\/fai-therapeutics.com\/pt-pt\/sobre-nos\/da-semente-ao-doente\/\">Da Semente ao Doente<\/a>\n                    <\/li>\n                                    <li>\n                        <a href=\"https:\/\/fai-therapeutics.com\/pt-pt\/sobre-nos\/a-nossa-visao\/\">A Nossa Vis\u00e3o<\/a>\n                    <\/li>\n                                    <li>\n                        <a href=\"https:\/\/fai-therapeutics.com\/pt-pt\/sobre-nos\/a-nossa-historia\/\">A Nossa Hist\u00f3ria<\/a>\n                    <\/li>\n                                    <li>\n                        <a href=\"https:\/\/fai-therapeutics.com\/pt-pt\/sobre-nos\/a-nossa-investigacao\/\">A Nossa Investiga\u00e7\u00e3o<\/a>\n                    <\/li>\n                                    <li>\n                        <a href=\"https:\/\/fai-therapeutics.com\/pt-pt\/sobre-nos\/a-nossa-producao\/\">A Nossa Produ\u00e7\u00e3o<\/a>\n                    <\/li>\n                            <\/ul>\n                    <\/div>\n        \n\n\n<p><\/p>\n","protected":false},"excerpt":{"rendered":"","protected":false},"author":1,"featured_media":0,"parent":0,"menu_order":3,"comment_status":"closed","ping_status":"closed","template":"","meta":{"_acf_changed":false,"site-sidebar-layout":"default","site-content-layout":"","ast-site-content-layout":"default","site-content-style":"default","site-sidebar-style":"default","ast-global-header-display":"","ast-banner-title-visibility":"","ast-main-header-display":"","ast-hfb-above-header-display":"","ast-hfb-below-header-display":"","ast-hfb-mobile-header-display":"","site-post-title":"","ast-breadcrumbs-content":"","ast-featured-img":"","footer-sml-layout":"","ast-disable-related-posts":"","theme-transparent-header-meta":"","adv-header-id-meta":"","stick-header-meta":"","header-above-stick-meta":"","header-main-stick-meta":"","header-below-stick-meta":"","astra-migrate-meta-layouts":"default","ast-page-background-enabled":"default","ast-page-background-meta":{"desktop":{"background-color":"var(--ast-global-color-4)","background-image":"","background-repeat":"repeat","background-position":"center center","background-size":"auto","background-attachment":"scroll","background-type":"","background-media":"","overlay-type":"","overlay-color":"","overlay-opacity":"","overlay-gradient":""},"tablet":{"background-color":"","background-image":"","background-repeat":"repeat","background-position":"center center","background-size":"auto","background-attachment":"scroll","background-type":"","background-media":"","overlay-type":"","overlay-color":"","overlay-opacity":"","overlay-gradient":""},"mobile":{"background-color":"","background-image":"","background-repeat":"repeat","background-position":"center center","background-size":"auto","background-attachment":"scroll","background-type":"","background-media":"","overlay-type":"","overlay-color":"","overlay-opacity":"","overlay-gradient":""}},"ast-content-background-meta":{"desktop":{"background-color":"var(--ast-global-color-5)","background-image":"","background-repeat":"repeat","background-position":"center center","background-size":"auto","background-attachment":"scroll","background-type":"","background-media":"","overlay-type":"","overlay-color":"","overlay-opacity":"","overlay-gradient":""},"tablet":{"background-color":"var(--ast-global-color-5)","background-image":"","background-repeat":"repeat","background-position":"center center","background-size":"auto","background-attachment":"scroll","background-type":"","background-media":"","overlay-type":"","overlay-color":"","overlay-opacity":"","overlay-gradient":""},"mobile":{"background-color":"var(--ast-global-color-5)","background-image":"","background-repeat":"repeat","background-position":"center center","background-size":"auto","background-attachment":"scroll","background-type":"","background-media":"","overlay-type":"","overlay-color":"","overlay-opacity":"","overlay-gradient":""}},"_themeisle_gutenberg_block_has_review":false,"footnotes":""},"class_list":["post-1689","page","type-page","status-publish","hentry"],"acf":{"subtitle":""},"yoast_head":"<!-- This site is optimized with the Yoast SEO plugin v27.1.1 - https:\/\/yoast.com\/product\/yoast-seo-wordpress\/ -->\n<title>Sobre N\u00f3s - FAI Therapeutics\u00ae<\/title>\n<meta name=\"robots\" content=\"index, follow, max-snippet:-1, max-image-preview:large, max-video-preview:-1\" \/>\n<link rel=\"canonical\" href=\"https:\/\/fai-therapeutics.com\/pt-pt\/sobre-nos\/\" \/>\n<meta property=\"og:locale\" content=\"pt_PT\" \/>\n<meta property=\"og:type\" content=\"article\" \/>\n<meta property=\"og:title\" content=\"Sobre N\u00f3s - FAI Therapeutics\u00ae\" \/>\n<meta property=\"og:url\" content=\"https:\/\/fai-therapeutics.com\/pt-pt\/sobre-nos\/\" \/>\n<meta property=\"og:site_name\" content=\"FAI Therapeutics\u00ae\" \/>\n<meta property=\"article:modified_time\" content=\"2024-05-26T13:50:08+00:00\" \/>\n<meta name=\"twitter:card\" content=\"summary_large_image\" \/>\n<script type=\"application\/ld+json\" class=\"yoast-schema-graph\">{\"@context\":\"https:\/\/schema.org\",\"@graph\":[{\"@type\":\"WebPage\",\"@id\":\"https:\/\/fai-therapeutics.com\/pt-pt\/sobre-nos\/\",\"url\":\"https:\/\/fai-therapeutics.com\/pt-pt\/sobre-nos\/\",\"name\":\"Sobre N\u00f3s - FAI Therapeutics\u00ae\",\"isPartOf\":{\"@id\":\"https:\/\/fai-therapeutics.com\/pt-pt\/#website\"},\"datePublished\":\"2022-10-20T17:14:50+00:00\",\"dateModified\":\"2024-05-26T13:50:08+00:00\",\"breadcrumb\":{\"@id\":\"https:\/\/fai-therapeutics.com\/pt-pt\/sobre-nos\/#breadcrumb\"},\"inLanguage\":\"pt-PT\",\"potentialAction\":[{\"@type\":\"ReadAction\",\"target\":[\"https:\/\/fai-therapeutics.com\/pt-pt\/sobre-nos\/\"]}]},{\"@type\":\"BreadcrumbList\",\"@id\":\"https:\/\/fai-therapeutics.com\/pt-pt\/sobre-nos\/#breadcrumb\",\"itemListElement\":[{\"@type\":\"ListItem\",\"position\":1,\"name\":\"Home\",\"item\":\"https:\/\/fai-therapeutics.com\/pt-pt\/\"},{\"@type\":\"ListItem\",\"position\":2,\"name\":\"Sobre N\u00f3s\"}]},{\"@type\":\"WebSite\",\"@id\":\"https:\/\/fai-therapeutics.com\/pt-pt\/#website\",\"url\":\"https:\/\/fai-therapeutics.com\/pt-pt\/\",\"name\":\"FAI Therapeutics\u00ae\",\"description\":\"Revolutionizing the Medical Cannabis Field\",\"publisher\":{\"@id\":\"https:\/\/fai-therapeutics.com\/pt-pt\/#organization\"},\"potentialAction\":[{\"@type\":\"SearchAction\",\"target\":{\"@type\":\"EntryPoint\",\"urlTemplate\":\"https:\/\/fai-therapeutics.com\/pt-pt\/?s={search_term_string}\"},\"query-input\":{\"@type\":\"PropertyValueSpecification\",\"valueRequired\":true,\"valueName\":\"search_term_string\"}}],\"inLanguage\":\"pt-PT\"},{\"@type\":\"Organization\",\"@id\":\"https:\/\/fai-therapeutics.com\/pt-pt\/#organization\",\"name\":\"FAI Therapeutics\u00ae\",\"url\":\"https:\/\/fai-therapeutics.com\/pt-pt\/\",\"logo\":{\"@type\":\"ImageObject\",\"inLanguage\":\"pt-PT\",\"@id\":\"https:\/\/fai-therapeutics.com\/pt-pt\/#\/schema\/logo\/image\/\",\"url\":\"https:\/\/fai-therapeutics.com\/wp-content\/uploads\/2022\/10\/logo.png\",\"contentUrl\":\"https:\/\/fai-therapeutics.com\/wp-content\/uploads\/2022\/10\/logo.png\",\"width\":862,\"height\":186,\"caption\":\"FAI Therapeutics\u00ae\"},\"image\":{\"@id\":\"https:\/\/fai-therapeutics.com\/pt-pt\/#\/schema\/logo\/image\/\"}}]}<\/script>\n<!-- \/ Yoast SEO plugin. -->","yoast_head_json":{"title":"Sobre N\u00f3s - FAI Therapeutics\u00ae","robots":{"index":"index","follow":"follow","max-snippet":"max-snippet:-1","max-image-preview":"max-image-preview:large","max-video-preview":"max-video-preview:-1"},"canonical":"https:\/\/fai-therapeutics.com\/pt-pt\/sobre-nos\/","og_locale":"pt_PT","og_type":"article","og_title":"Sobre N\u00f3s - FAI Therapeutics\u00ae","og_url":"https:\/\/fai-therapeutics.com\/pt-pt\/sobre-nos\/","og_site_name":"FAI Therapeutics\u00ae","article_modified_time":"2024-05-26T13:50:08+00:00","twitter_card":"summary_large_image","schema":{"@context":"https:\/\/schema.org","@graph":[{"@type":"WebPage","@id":"https:\/\/fai-therapeutics.com\/pt-pt\/sobre-nos\/","url":"https:\/\/fai-therapeutics.com\/pt-pt\/sobre-nos\/","name":"Sobre N\u00f3s - FAI Therapeutics\u00ae","isPartOf":{"@id":"https:\/\/fai-therapeutics.com\/pt-pt\/#website"},"datePublished":"2022-10-20T17:14:50+00:00","dateModified":"2024-05-26T13:50:08+00:00","breadcrumb":{"@id":"https:\/\/fai-therapeutics.com\/pt-pt\/sobre-nos\/#breadcrumb"},"inLanguage":"pt-PT","potentialAction":[{"@type":"ReadAction","target":["https:\/\/fai-therapeutics.com\/pt-pt\/sobre-nos\/"]}]},{"@type":"BreadcrumbList","@id":"https:\/\/fai-therapeutics.com\/pt-pt\/sobre-nos\/#breadcrumb","itemListElement":[{"@type":"ListItem","position":1,"name":"Home","item":"https:\/\/fai-therapeutics.com\/pt-pt\/"},{"@type":"ListItem","position":2,"name":"Sobre N\u00f3s"}]},{"@type":"WebSite","@id":"https:\/\/fai-therapeutics.com\/pt-pt\/#website","url":"https:\/\/fai-therapeutics.com\/pt-pt\/","name":"FAI Therapeutics\u00ae","description":"Revolutionizing the Medical Cannabis Field","publisher":{"@id":"https:\/\/fai-therapeutics.com\/pt-pt\/#organization"},"potentialAction":[{"@type":"SearchAction","target":{"@type":"EntryPoint","urlTemplate":"https:\/\/fai-therapeutics.com\/pt-pt\/?s={search_term_string}"},"query-input":{"@type":"PropertyValueSpecification","valueRequired":true,"valueName":"search_term_string"}}],"inLanguage":"pt-PT"},{"@type":"Organization","@id":"https:\/\/fai-therapeutics.com\/pt-pt\/#organization","name":"FAI Therapeutics\u00ae","url":"https:\/\/fai-therapeutics.com\/pt-pt\/","logo":{"@type":"ImageObject","inLanguage":"pt-PT","@id":"https:\/\/fai-therapeutics.com\/pt-pt\/#\/schema\/logo\/image\/","url":"https:\/\/fai-therapeutics.com\/wp-content\/uploads\/2022\/10\/logo.png","contentUrl":"https:\/\/fai-therapeutics.com\/wp-content\/uploads\/2022\/10\/logo.png","width":862,"height":186,"caption":"FAI Therapeutics\u00ae"},"image":{"@id":"https:\/\/fai-therapeutics.com\/pt-pt\/#\/schema\/logo\/image\/"}}]}},"_links":{"self":[{"href":"https:\/\/fai-therapeutics.com\/pt-pt\/wp-json\/wp\/v2\/pages\/1689","targetHints":{"allow":["GET"]}}],"collection":[{"href":"https:\/\/fai-therapeutics.com\/pt-pt\/wp-json\/wp\/v2\/pages"}],"about":[{"href":"https:\/\/fai-therapeutics.com\/pt-pt\/wp-json\/wp\/v2\/types\/page"}],"author":[{"embeddable":true,"href":"https:\/\/fai-therapeutics.com\/pt-pt\/wp-json\/wp\/v2\/users\/1"}],"replies":[{"embeddable":true,"href":"https:\/\/fai-therapeutics.com\/pt-pt\/wp-json\/wp\/v2\/comments?post=1689"}],"version-history":[{"count":7,"href":"https:\/\/fai-therapeutics.com\/pt-pt\/wp-json\/wp\/v2\/pages\/1689\/revisions"}],"predecessor-version":[{"id":1817,"href":"https:\/\/fai-therapeutics.com\/pt-pt\/wp-json\/wp\/v2\/pages\/1689\/revisions\/1817"}],"wp:attachment":[{"href":"https:\/\/fai-therapeutics.com\/pt-pt\/wp-json\/wp\/v2\/media?parent=1689"}],"curies":[{"name":"wp","href":"https:\/\/api.w.org\/{rel}","templated":true}]}}