{"id":1881,"date":"2024-05-18T18:48:39","date_gmt":"2024-05-18T18:48:39","guid":{"rendered":"https:\/\/fai-therapeutics.com\/staging\/?page_id=1881"},"modified":"2024-06-17T14:36:29","modified_gmt":"2024-06-17T14:36:29","slug":"conta","status":"publish","type":"page","link":"https:\/\/fai-therapeutics.com\/academy\/conta\/","title":{"rendered":"Login"},"content":{"rendered":"\n<div id=\"wp-block-themeisle-blocks-advanced-columns-d27ec054\" class=\"wp-block-themeisle-blocks-advanced-columns has-1-columns has-desktop-equal-layout has-tablet-equal-layout has-mobile-equal-layout has-vertical-unset\"><div class=\"wp-block-themeisle-blocks-advanced-columns-overlay\"><\/div><div class=\"innerblocks-wrap\">\n<div id=\"wp-block-themeisle-blocks-advanced-column-52d966e0\" class=\"wp-block-themeisle-blocks-advanced-column\">\n<h2 class=\"wp-block-heading\">Iniciar Sess\u00e3o<\/h2>\n\n\n<div id=\"user-registration\" class=\"user-registration\">\n<div class=\"ur-frontend-form login ur-frontend-form--rounded \" id=\"ur-frontend-form\">\n\t\t<form class=\"user-registration-form user-registration-form-login login\" method=\"post\">\n\t\t<div class=\"ur-form-row\">\n\t\t\t<div class=\"ur-form-grid\">\n\t\t\t\t\t\t\t\t\t\t\t\t<div\n\t\t\t\t\tclass=\" user-registration-form-row user-registration-form-row--wide form-row form-row-wide\"\n\t\t\t\t\tdata-field=\"username\">\n\t\t\t\t\t<label for=\"username\">Endere\u00e7o de Email <span class=\"required\">*<\/span><\/label>\t\t\t\t\t<span class=\"input-wrapper\">\n\t\t\t\t\t\t<input placeholder=\"\" type=\"text\"\n\t\t\t\t\t\t\t\tclass=\"user-registration-Input user-registration-Input--text input-text\" name=\"username\"\n\t\t\t\t\t\t\t\tid=\"username\"\n\t\t\t\t\t\t\t   value=\"\"\n\t\t\t\t\t\t\t\tstyle=\"\"\n\t\t\t\t\t\t\t\t\t\t\t\t\t\t\/>\n\t\t\t\t\t\t\t\t\t\t\t\t<\/span>\n\t\t\t\t<\/div>\n\t\t\t\t\t\t\t\t\t<div\n\t\t\t\t\t\tclass=\" user-registration-form-row user-registration-form-row--wide form-row form-row-wide hide_show_password\"\n\t\t\t\t\t\tdata-field=\"password\">\n\t\t\t\t\t\t<label for=\"password\">Palavra-passe <span class=\"required\">*<\/span><\/label>\t\t\t\t\t\t<span class=\"input-wrapper\">\n\t\t\t\t\t\t<span class=\"password-input-group\">\n\t\t\t\t\t\t<input\n\t\t\t\t\t\t\tplaceholder=\"Introduza uma palavra-passe\"\n\t\t\t\t\t\t\tclass=\"user-registration-Input user-registration-Input--text input-text\" type=\"password\"\n\t\t\t\t\t\t\tname=\"password\" id=\"password\"\n\t\t\t\t\t\t\tstyle=\"\"\n\t\t\t\t\t\t\t\t\t\t\t\t\t\/>\n\n\t\t\t\t\t\t\t\t\t\t\t\t<a href=\"javaScript:void(0)\" class=\"password_preview dashicons dashicons-hidden\"\n\t\t\t\t\t\t\ttitle=\"Show password\"><\/a>\n\t\t\t\t\t\t<\/span>\n\t\t\t\t\t\t\t\t\t\t\t\t\t\t\t\t\t\t\t\t<\/span>\n\t\t\t\t\t<\/div>\n\t\t\t\t\t\t\t\t\n\t\t\t\t\t\t\t\t<div class=\"form-row\">\n\t\t\t\t\t<input type=\"hidden\" id=\"user-registration-login-nonce\" name=\"user-registration-login-nonce\" value=\"91afec2edd\" \/><input type=\"hidden\" name=\"_wp_http_referer\" value=\"\/academy\/wp-json\/wp\/v2\/pages\/1881\" \/>\t\t\t\t\t\t<div class=\"user-registration-before-login-btn\">\n\t\t\t\t\t\t\t\t\t\t\t\t\t\t\t<div class=\"\" data-field=\"remember-me\">\n\t\t\t\t\t\t\t\t\t<label\n\t\t\t\t\t\t\t\t\t\tclass=\"user-registration-form__label user-registration-form__label-for-checkbox inline\">\n\t\t\t\t\t\t\t\t\t\t<input\n\t\t\t\t\t\t\t\t\t\t\tclass=\"user-registration-form__input user-registration-form__input-checkbox\"\n\t\t\t\t\t\t\t\t\t\t\tname=\"rememberme\" type=\"checkbox\" id=\"rememberme\" value=\"forever\"\n\t\t\t\t\t\t\t\t\t\t\t\t\t\t\t\t\t\t\t\t\t\/>\n\t\t\t\t\t\t\t\t\t\t<span>Recordar-me?<\/span>\n\t\t\t\t\t\t\t\t\t<\/label>\n\t\t\t\t\t\t\t\t<\/div>\n\t\t\t\t\t\t\t\t\t\t\t\t\t\t\t\t\t\t\t\t\t\t\t<div data-field=\"lost-password\"\n\t\t\t\t\t\t\t\t\tclass=\"user-registration-LostPassword lost_password \">\n\t\t\t\t\t\t\t\t\t<label\n\t\t\t\t\t\t\t\t\t\tclass=\"user-registration-form__label user-registration-form__label-for-checkbox inline\">\n\t\t\t\t\t\t\t\t\t\t<a href=\"https:\/\/fai-therapeutics.com\/academy\/conta\/perfil\/recuperar-password\/\">Perdeu a palavra-passe?<\/a>\n\t\t\t\t\t\t\t\t\t<\/label>\n\t\t\t\t\t\t\t\t<\/div>\n\t\t\t\t\t\t\t\t\t\t\t\t\t\t<\/div>\n\t\t\t\t\t\t\t\t\t\t<\/div>\n\t\t\t\t<div data-field=\"login-button\" class=\"\">\n\t\t\t\t\t\t\t\t\t\t\t\t\t\t\t\t<button type=\"submit\"\n\t\t\t\t\t\t\t\tclass=\"user-registration-Button button ur-submit-button  \"\n\t\t\t\t\t\t\t\tname=\"login\"\n\t\t\t\t\t\t\t\tvalue=\"Acesso\">Acesso<\/button>\n\t\t\t\t\t\t\t\t\t<\/div>\n\t\t\t\t<input type=\"hidden\" name=\"redirect\"\n\t\t\t\t\t\tvalue=\"\"\/>\n\n\t\t\t\t<div class=\"user-registration-register register \" data-field=\"registration-setting\">\t\t\t\t\t\t\t<a href=\"https:\/\/fai-therapeutics.com\/academy\/\"> Ainda n\u00e3o \u00e9 membro? Registe-se agora\t\t\t\t\t\t<\/a>\n\t\t\t\t\t\t<\/div>\t\t\t\t\t\t\t<\/div>\n\t\t<\/div>\n\t<\/form>\n<\/div>\n\n<\/div>\n<\/div>\n<\/div><\/div>\n","protected":false},"excerpt":{"rendered":"","protected":false},"author":7,"featured_media":0,"parent":0,"menu_order":5,"comment_status":"closed","ping_status":"closed","template":"","meta":{"site-sidebar-layout":"default","site-content-layout":"","ast-site-content-layout":"default","site-content-style":"default","site-sidebar-style":"default","ast-global-header-display":"","ast-banner-title-visibility":"","ast-main-header-display":"","ast-hfb-above-header-display":"","ast-hfb-below-header-display":"","ast-hfb-mobile-header-display":"","site-post-title":"disabled","ast-breadcrumbs-content":"","ast-featured-img":"","footer-sml-layout":"","ast-disable-related-posts":"","theme-transparent-header-meta":"","adv-header-id-meta":"","stick-header-meta":"","header-above-stick-meta":"","header-main-stick-meta":"","header-below-stick-meta":"","astra-migrate-meta-layouts":"set","ast-page-background-enabled":"default","ast-page-background-meta":{"desktop":{"background-color":"var(--ast-global-color-4)","background-image":"","background-repeat":"repeat","background-position":"center center","background-size":"auto","background-attachment":"scroll","background-type":"","background-media":"","overlay-type":"","overlay-color":"","overlay-opacity":"","overlay-gradient":""},"tablet":{"background-color":"","background-image":"","background-repeat":"repeat","background-position":"center center","background-size":"auto","background-attachment":"scroll","background-type":"","background-media":"","overlay-type":"","overlay-color":"","overlay-opacity":"","overlay-gradient":""},"mobile":{"background-color":"","background-image":"","background-repeat":"repeat","background-position":"center center","background-size":"auto","background-attachment":"scroll","background-type":"","background-media":"","overlay-type":"","overlay-color":"","overlay-opacity":"","overlay-gradient":""}},"ast-content-background-meta":{"desktop":{"background-color":"var(--ast-global-color-5)","background-image":"","background-repeat":"repeat","background-position":"center center","background-size":"auto","background-attachment":"scroll","background-type":"","background-media":"","overlay-type":"","overlay-color":"","overlay-opacity":"","overlay-gradient":""},"tablet":{"background-color":"var(--ast-global-color-5)","background-image":"","background-repeat":"repeat","background-position":"center center","background-size":"auto","background-attachment":"scroll","background-type":"","background-media":"","overlay-type":"","overlay-color":"","overlay-opacity":"","overlay-gradient":""},"mobile":{"background-color":"var(--ast-global-color-5)","background-image":"","background-repeat":"repeat","background-position":"center center","background-size":"auto","background-attachment":"scroll","background-type":"","background-media":"","overlay-type":"","overlay-color":"","overlay-opacity":"","overlay-gradient":""}},"_themeisle_gutenberg_block_has_review":false,"footnotes":""},"class_list":["post-1881","page","type-page","status-publish","hentry"],"acf":{"subtitle":""},"yoast_head":"<!-- This site is optimized with the Yoast SEO plugin v27.1.1 - https:\/\/yoast.com\/product\/yoast-seo-wordpress\/ -->\n<title>Login - FAI Academy\u00ae<\/title>\n<meta name=\"robots\" content=\"index, follow, max-snippet:-1, max-image-preview:large, max-video-preview:-1\" \/>\n<link rel=\"canonical\" href=\"https:\/\/fai-therapeutics.com\/academy\/conta\/\" \/>\n<meta property=\"og:locale\" content=\"pt_PT\" \/>\n<meta property=\"og:type\" content=\"article\" \/>\n<meta property=\"og:title\" content=\"Login - FAI Academy\u00ae\" \/>\n<meta property=\"og:url\" content=\"https:\/\/fai-therapeutics.com\/academy\/conta\/\" \/>\n<meta property=\"og:site_name\" content=\"FAI Academy\u00ae\" \/>\n<meta property=\"article:modified_time\" content=\"2024-06-17T14:36:29+00:00\" \/>\n<meta name=\"twitter:card\" content=\"summary_large_image\" \/>\n<meta name=\"twitter:label1\" content=\"Tempo estimado de leitura\" \/>\n\t<meta name=\"twitter:data1\" content=\"1 minuto\" \/>\n<script type=\"application\/ld+json\" class=\"yoast-schema-graph\">{\"@context\":\"https:\/\/schema.org\",\"@graph\":[{\"@type\":\"WebPage\",\"@id\":\"https:\/\/fai-therapeutics.com\/academy\/conta\/\",\"url\":\"https:\/\/fai-therapeutics.com\/academy\/conta\/\",\"name\":\"Login - FAI Academy\u00ae\",\"isPartOf\":{\"@id\":\"https:\/\/fai-therapeutics.com\/academy\/#website\"},\"datePublished\":\"2024-05-18T18:48:39+00:00\",\"dateModified\":\"2024-06-17T14:36:29+00:00\",\"breadcrumb\":{\"@id\":\"https:\/\/fai-therapeutics.com\/academy\/conta\/#breadcrumb\"},\"inLanguage\":\"pt-PT\",\"potentialAction\":[{\"@type\":\"ReadAction\",\"target\":[\"https:\/\/fai-therapeutics.com\/academy\/conta\/\"]}]},{\"@type\":\"BreadcrumbList\",\"@id\":\"https:\/\/fai-therapeutics.com\/academy\/conta\/#breadcrumb\",\"itemListElement\":[{\"@type\":\"ListItem\",\"position\":1,\"name\":\"Home\",\"item\":\"https:\/\/fai-therapeutics.com\/academy\/\"},{\"@type\":\"ListItem\",\"position\":2,\"name\":\"Login\"}]},{\"@type\":\"WebSite\",\"@id\":\"https:\/\/fai-therapeutics.com\/academy\/#website\",\"url\":\"https:\/\/fai-therapeutics.com\/academy\/\",\"name\":\"FAI Academy\u00ae\",\"description\":\"Forma\u00e7\u00e3o e literacia sobre Can\u00e1bis Medicinal\",\"publisher\":{\"@id\":\"https:\/\/fai-therapeutics.com\/academy\/#organization\"},\"potentialAction\":[{\"@type\":\"SearchAction\",\"target\":{\"@type\":\"EntryPoint\",\"urlTemplate\":\"https:\/\/fai-therapeutics.com\/academy\/?s={search_term_string}\"},\"query-input\":{\"@type\":\"PropertyValueSpecification\",\"valueRequired\":true,\"valueName\":\"search_term_string\"}}],\"inLanguage\":\"pt-PT\"},{\"@type\":\"Organization\",\"@id\":\"https:\/\/fai-therapeutics.com\/academy\/#organization\",\"name\":\"FAI Academy\u00ae\",\"url\":\"https:\/\/fai-therapeutics.com\/academy\/\",\"logo\":{\"@type\":\"ImageObject\",\"inLanguage\":\"pt-PT\",\"@id\":\"https:\/\/fai-therapeutics.com\/academy\/#\/schema\/logo\/image\/\",\"url\":\"https:\/\/fai-therapeutics.com\/academy\/wp-content\/uploads\/2022\/10\/logo.png\",\"contentUrl\":\"https:\/\/fai-therapeutics.com\/academy\/wp-content\/uploads\/2022\/10\/logo.png\",\"width\":862,\"height\":186,\"caption\":\"FAI Academy\u00ae\"},\"image\":{\"@id\":\"https:\/\/fai-therapeutics.com\/academy\/#\/schema\/logo\/image\/\"}}]}<\/script>\n<!-- \/ Yoast SEO plugin. -->","yoast_head_json":{"title":"Login - FAI Academy\u00ae","robots":{"index":"index","follow":"follow","max-snippet":"max-snippet:-1","max-image-preview":"max-image-preview:large","max-video-preview":"max-video-preview:-1"},"canonical":"https:\/\/fai-therapeutics.com\/academy\/conta\/","og_locale":"pt_PT","og_type":"article","og_title":"Login - FAI Academy\u00ae","og_url":"https:\/\/fai-therapeutics.com\/academy\/conta\/","og_site_name":"FAI Academy\u00ae","article_modified_time":"2024-06-17T14:36:29+00:00","twitter_card":"summary_large_image","twitter_misc":{"Tempo estimado de leitura":"1 minuto"},"schema":{"@context":"https:\/\/schema.org","@graph":[{"@type":"WebPage","@id":"https:\/\/fai-therapeutics.com\/academy\/conta\/","url":"https:\/\/fai-therapeutics.com\/academy\/conta\/","name":"Login - FAI Academy\u00ae","isPartOf":{"@id":"https:\/\/fai-therapeutics.com\/academy\/#website"},"datePublished":"2024-05-18T18:48:39+00:00","dateModified":"2024-06-17T14:36:29+00:00","breadcrumb":{"@id":"https:\/\/fai-therapeutics.com\/academy\/conta\/#breadcrumb"},"inLanguage":"pt-PT","potentialAction":[{"@type":"ReadAction","target":["https:\/\/fai-therapeutics.com\/academy\/conta\/"]}]},{"@type":"BreadcrumbList","@id":"https:\/\/fai-therapeutics.com\/academy\/conta\/#breadcrumb","itemListElement":[{"@type":"ListItem","position":1,"name":"Home","item":"https:\/\/fai-therapeutics.com\/academy\/"},{"@type":"ListItem","position":2,"name":"Login"}]},{"@type":"WebSite","@id":"https:\/\/fai-therapeutics.com\/academy\/#website","url":"https:\/\/fai-therapeutics.com\/academy\/","name":"FAI Academy\u00ae","description":"Forma\u00e7\u00e3o e literacia sobre Can\u00e1bis Medicinal","publisher":{"@id":"https:\/\/fai-therapeutics.com\/academy\/#organization"},"potentialAction":[{"@type":"SearchAction","target":{"@type":"EntryPoint","urlTemplate":"https:\/\/fai-therapeutics.com\/academy\/?s={search_term_string}"},"query-input":{"@type":"PropertyValueSpecification","valueRequired":true,"valueName":"search_term_string"}}],"inLanguage":"pt-PT"},{"@type":"Organization","@id":"https:\/\/fai-therapeutics.com\/academy\/#organization","name":"FAI Academy\u00ae","url":"https:\/\/fai-therapeutics.com\/academy\/","logo":{"@type":"ImageObject","inLanguage":"pt-PT","@id":"https:\/\/fai-therapeutics.com\/academy\/#\/schema\/logo\/image\/","url":"https:\/\/fai-therapeutics.com\/academy\/wp-content\/uploads\/2022\/10\/logo.png","contentUrl":"https:\/\/fai-therapeutics.com\/academy\/wp-content\/uploads\/2022\/10\/logo.png","width":862,"height":186,"caption":"FAI Academy\u00ae"},"image":{"@id":"https:\/\/fai-therapeutics.com\/academy\/#\/schema\/logo\/image\/"}}]}},"_links":{"self":[{"href":"https:\/\/fai-therapeutics.com\/academy\/wp-json\/wp\/v2\/pages\/1881","targetHints":{"allow":["GET"]}}],"collection":[{"href":"https:\/\/fai-therapeutics.com\/academy\/wp-json\/wp\/v2\/pages"}],"about":[{"href":"https:\/\/fai-therapeutics.com\/academy\/wp-json\/wp\/v2\/types\/page"}],"author":[{"embeddable":true,"href":"https:\/\/fai-therapeutics.com\/academy\/wp-json\/wp\/v2\/users\/7"}],"replies":[{"embeddable":true,"href":"https:\/\/fai-therapeutics.com\/academy\/wp-json\/wp\/v2\/comments?post=1881"}],"version-history":[{"count":11,"href":"https:\/\/fai-therapeutics.com\/academy\/wp-json\/wp\/v2\/pages\/1881\/revisions"}],"predecessor-version":[{"id":2233,"href":"https:\/\/fai-therapeutics.com\/academy\/wp-json\/wp\/v2\/pages\/1881\/revisions\/2233"}],"wp:attachment":[{"href":"https:\/\/fai-therapeutics.com\/academy\/wp-json\/wp\/v2\/media?parent=1881"}],"curies":[{"name":"wp","href":"https:\/\/api.w.org\/{rel}","templated":true}]}}